{"id":2,"date":"2023-05-01T19:49:52","date_gmt":"2023-05-01T19:49:52","guid":{"rendered":"https:\/\/architektur.meurer.ch\/?page_id=2"},"modified":"2025-09-20T20:40:12","modified_gmt":"2025-09-20T20:40:12","slug":"neubau-turnhallen-solothurn","status":"publish","type":"page","link":"https:\/\/architektur.meurer.ch\/index.php\/architektur\/neubau-turnhallen-solothurn\/","title":{"rendered":"2013-2017 Neubau Turnhallen, Solothurn"},"content":{"rendered":"\n<p>Neuinterpretation der ehemaligen Turnhalle<\/p>\n\n\n<div id=\"metaslider-id-157\" style=\"width: 100%;\" class=\"ml-slider-3-106-0 metaslider metaslider-flex metaslider-157 ml-slider has-dots-nav ms-theme-default\" role=\"region\" aria-label=\"Turnhallen Hermesb\u00fchl, Solothurn\" data-height=\"1300\" data-width=\"1300\">\n    <div id=\"metaslider_container_157\">\n        <div id=\"metaslider_157\">\n            <ul class='slides'>\n                <li style=\"display: block; width: 100%;\" class=\"slide-163 ms-image \" aria-roledescription=\"slide\" data-date=\"2023-04-20 12:09:51\" data-filename=\"17.020.PM_.frei_425073_kl-1-scaled-1300x1300.jpg\" data-slide-type=\"image\"><img loading=\"lazy\" decoding=\"async\" src=\"https:\/\/architektur.meurer.ch\/wp-content\/uploads\/2023\/04\/17.020.PM_.frei_425073_kl-1-scaled-1300x1300.jpg\" height=\"1300\" width=\"1300\" alt=\"Thurnhallen Hermesb\u00fchl Solothurn\" class=\"slider-157 slide-163 msDefaultImage\" title=\"Thurnhallen Solothurn obere Halle\" \/><\/li>\n                <li style=\"display: none; width: 100%;\" class=\"slide-164 ms-image \" aria-roledescription=\"slide\" data-date=\"2023-04-20 12:09:52\" data-filename=\"17.020.PM_.frei_429723-1-scaled-1300x1300.jpg\" data-slide-type=\"image\"><img loading=\"lazy\" decoding=\"async\" src=\"https:\/\/architektur.meurer.ch\/wp-content\/uploads\/2023\/04\/17.020.PM_.frei_429723-1-scaled-1300x1300.jpg\" height=\"1300\" width=\"1300\" alt=\"Thurnhallen Hermesb\u00fchl Solothurn\" class=\"slider-157 slide-164 msDefaultImage\" title=\"Thurnhallen Solothurn Foyer\" \/><\/li>\n                <li style=\"display: none; width: 100%;\" class=\"slide-165 ms-image \" aria-roledescription=\"slide\" data-date=\"2023-04-20 12:09:53\" data-filename=\"17.020.PM_.frei_429860-1-scaled-1300x1300.jpg\" data-slide-type=\"image\"><img loading=\"lazy\" decoding=\"async\" src=\"https:\/\/architektur.meurer.ch\/wp-content\/uploads\/2023\/04\/17.020.PM_.frei_429860-1-scaled-1300x1300.jpg\" height=\"1300\" width=\"1300\" alt=\"Thurnhallen Hermesb\u00fchl Solothurn\" class=\"slider-157 slide-165 msDefaultImage\" title=\"Thurnhallen Solothurn Hof\" \/><\/li>\n                <li style=\"display: none; width: 100%;\" class=\"slide-166 ms-image \" aria-roledescription=\"slide\" data-date=\"2023-04-20 12:09:54\" data-filename=\"17.020.PM_.frei_430286-1-scaled-1300x1300.jpg\" data-slide-type=\"image\"><img loading=\"lazy\" decoding=\"async\" src=\"https:\/\/architektur.meurer.ch\/wp-content\/uploads\/2023\/04\/17.020.PM_.frei_430286-1-scaled-1300x1300.jpg\" height=\"1300\" width=\"1300\" alt=\"Thurnhallen Hermesb\u00fchl Solothurn\" class=\"slider-157 slide-166 msDefaultImage\" title=\"Thurnhallen Solothurn Eingang\" \/><\/li>\n                <li style=\"display: none; width: 100%;\" class=\"slide-167 ms-image \" aria-roledescription=\"slide\" data-date=\"2023-04-20 12:09:55\" data-filename=\"17.020.PM_.frei_432373-_KorrekturenPM-1-scaled-1300x1300.jpg\" data-slide-type=\"image\"><img loading=\"lazy\" decoding=\"async\" src=\"https:\/\/architektur.meurer.ch\/wp-content\/uploads\/2023\/04\/17.020.PM_.frei_432373-_KorrekturenPM-1-scaled-1300x1300.jpg\" height=\"1300\" width=\"1300\" alt=\"Thurnhallen Hermesb\u00fchl Solothurn\" class=\"slider-157 slide-167 msDefaultImage\" title=\"Thurnhallen Solothurn Nachtbild\" \/><\/li>\n            <\/ul>\n        <\/div>\n        \n    <\/div>\n<\/div>\n\n\n\n<br>\n\n\n\n<div class=\"wp-block-media-text alignwide is-stacked-on-mobile\"><figure class=\"wp-block-media-text__media\"><img loading=\"lazy\" decoding=\"async\" width=\"768\" height=\"1024\" src=\"https:\/\/architektur.meurer.ch\/wp-content\/uploads\/2023\/04\/17.020.PM_.frei_429675-768x1024.jpg\" alt=\"\" class=\"wp-image-227 size-full\" srcset=\"https:\/\/architektur.meurer.ch\/wp-content\/uploads\/2023\/04\/17.020.PM_.frei_429675-768x1024.jpg 768w, https:\/\/architektur.meurer.ch\/wp-content\/uploads\/2023\/04\/17.020.PM_.frei_429675-225x300.jpg 225w, https:\/\/architektur.meurer.ch\/wp-content\/uploads\/2023\/04\/17.020.PM_.frei_429675-1152x1536.jpg 1152w, https:\/\/architektur.meurer.ch\/wp-content\/uploads\/2023\/04\/17.020.PM_.frei_429675-1536x2048.jpg 1536w, https:\/\/architektur.meurer.ch\/wp-content\/uploads\/2023\/04\/17.020.PM_.frei_429675-scaled.jpg 1920w\" sizes=\"auto, (max-width: 768px) 100vw, 768px\" \/><\/figure><div class=\"wp-block-media-text__content\">\n<div class=\"wp-block-columns is-not-stacked-on-mobile is-layout-flex wp-container-core-columns-is-layout-9d6595d7 wp-block-columns-is-layout-flex\" style=\"font-size:0.7rem\">\n<div class=\"wp-block-column is-vertically-aligned-top is-layout-flow wp-block-column-is-layout-flow\" style=\"font-size:1rem;flex-basis:51%\">\n<p>Bauherrschaft:<br>Adresse:<br>Auftragsart:<br>Baujahr Bestand:<br>Generalplaner:<br>Projektleitung:<br>Baumanagement:<br>Haustechnik:<br>Fotos:<br>Planung:<br>Ausf\u00fchrung:<\/p>\n<\/div>\n\n\n\n<div class=\"wp-block-column is-vertically-aligned-top is-layout-flow wp-block-column-is-layout-flow\" style=\"font-size:1rem;flex-basis:51%\">\n<p>Stadt Solothurn<br><a rel=\"noreferrer noopener\" href=\"https:\/\/www.google.ch\/maps\/place\/Schulhausstrasse,+4500+Solothurn\/@47.210303,7.5287092,17z\/data=!4m6!3m5!1s0x4791d802e07701cb:0xc4a7c7206fae2b64!8m2!3d47.2101185!4d7.5319565!16s%2Fg%2F11dzmt29pk\" target=\"_blank\">hier<\/a><br>Wettbewerb<br>1908<br><a rel=\"noreferrer noopener\" href=\"https:\/\/www.petermoor.ch\/\" target=\"_blank\">Peter Moor GmbH<\/a><br>Daniel Meurer<br><a rel=\"noreferrer noopener\" href=\"https:\/\/www.danielbieri.ch\/\" target=\"_blank\">Daniel Bieri<\/a><br><a href=\"http:\/\/www.beageag.ch\" target=\"_blank\" rel=\"noreferrer noopener\">Adrian Hinderling<\/a><br><a rel=\"noreferrer noopener\" href=\"https:\/\/rogerfrei.com\/\" target=\"_blank\">Roger Frei<\/a><br>2013-2016<br>2015-2017<\/p>\n<\/div>\n<\/div>\n<\/div><\/div>\n\n\n\n<br>\n\n\n\n<p>Das denkmalgesch\u00fctzte Blockrandfragment besteht aus einem Portikusgeb\u00e4ude an der Bielstrasse, einem m\u00e4chtigen Schulhaus und \u2013 abgeknickt dazu \u2013 dem Singsaal sowie einem Turnhallentrakt. Der doppelgeschossige Turnhallenneubau ersetzte die bestehende Turnhalle und bildet einen markanten Abschluss. W\u00e4hrend sich der Neubau mit seiner verputzten R\u00fcckseite nahtlos aus dem Bestand heraus weiterentwickelt, bildet die S\u00fcdseite mit den grossz\u00fcgigen \u00d6ffnungen ein Abbild der inneren Struktur der Hallen.<\/p>\n\n\n\n<p>Das neue Foyer fungiert als Bindeglied zwischen Neu und Alt, indem es die Bogenstrukturen weiterf\u00fchrt. Die zwei Hallen werden \u201enach unten\u201c gestapelt; sie haben einachsig gespannte Tragwerke und verf\u00fcgen im Norden \u00fcber einen kr\u00e4ftigen dreigeschossigen R\u00fccken mit zudienenden R\u00e4umen.<br>Mittels vorfabrizierter Beton-U-K\u00f6rper werden die grossen Spannweiten \u00fcberbr\u00fcckt und zugleich die Decke gebildet. Die offenen Fugen dienen den zahlreichen Installationen, welche elegant darin verschwinden. Die Tragstruktur wird zur Architektur.<\/p>\n\n\n\n<div style=\"height:100px\" aria-hidden=\"true\" class=\"wp-block-spacer\"><\/div>\n\n\n\n<div class=\"wp-block-columns is-layout-flex wp-container-core-columns-is-layout-9d6595d7 wp-block-columns-is-layout-flex\">\n<div class=\"wp-block-column is-layout-flow wp-block-column-is-layout-flow\">\n<p><a href=\"https:\/\/architektur.meurer.ch\/index.php\/architektur\/azh\/\" data-type=\"page\" data-id=\"252\">vorheriges Projekt<\/a><\/p>\n<\/div>\n\n\n\n<div class=\"wp-block-column is-layout-flow wp-block-column-is-layout-flow\">\n<p class=\"has-text-align-center\"><a href=\"http:\/\/thun\">nach oben<\/a><\/p>\n<\/div>\n\n\n\n<div class=\"wp-block-column is-layout-flow wp-block-column-is-layout-flow\">\n<p class=\"has-text-align-right\"><a href=\"https:\/\/architektur.meurer.ch\/index.php\/architektur\/umbau-doppeleinfamilienhaushaelfte-aarau\/\" data-type=\"page\" data-id=\"366\">n\u00e4chstes Projekt<\/a><\/p>\n<\/div>\n<\/div>\n","protected":false},"excerpt":{"rendered":"<p>Neuinterpretation der ehemaligen Turnhalle Das denkmalgesch\u00fctzte Blockrandfragment besteht aus einem Portikusgeb\u00e4ude an der Bielstrasse, einem m\u00e4chtigen Schulhaus und \u2013 abgeknickt dazu \u2013 dem Singsaal sowie einem Turnhallentrakt. Der doppelgeschossige Turnhallenneubau ersetzte die bestehende Turnhalle und bildet einen markanten Abschluss. W\u00e4hrend sich der Neubau mit seiner verputzten R\u00fcckseite nahtlos aus dem Bestand heraus weiterentwickelt, bildet die &hellip; <a href=\"https:\/\/architektur.meurer.ch\/index.php\/architektur\/neubau-turnhallen-solothurn\/\" class=\"more-link\"><span class=\"screen-reader-text\">2013-2017 Neubau Turnhallen, Solothurn<\/span> weiterlesen<\/a><\/p>\n","protected":false},"author":1,"featured_media":0,"parent":214,"menu_order":2,"comment_status":"closed","ping_status":"closed","template":"full-width-page.php","meta":{"footnotes":""},"class_list":["post-2","page","type-page","status-publish","hentry"],"_links":{"self":[{"href":"https:\/\/architektur.meurer.ch\/index.php\/wp-json\/wp\/v2\/pages\/2","targetHints":{"allow":["GET"]}}],"collection":[{"href":"https:\/\/architektur.meurer.ch\/index.php\/wp-json\/wp\/v2\/pages"}],"about":[{"href":"https:\/\/architektur.meurer.ch\/index.php\/wp-json\/wp\/v2\/types\/page"}],"author":[{"embeddable":true,"href":"https:\/\/architektur.meurer.ch\/index.php\/wp-json\/wp\/v2\/users\/1"}],"replies":[{"embeddable":true,"href":"https:\/\/architektur.meurer.ch\/index.php\/wp-json\/wp\/v2\/comments?post=2"}],"version-history":[{"count":51,"href":"https:\/\/architektur.meurer.ch\/index.php\/wp-json\/wp\/v2\/pages\/2\/revisions"}],"predecessor-version":[{"id":645,"href":"https:\/\/architektur.meurer.ch\/index.php\/wp-json\/wp\/v2\/pages\/2\/revisions\/645"}],"up":[{"embeddable":true,"href":"https:\/\/architektur.meurer.ch\/index.php\/wp-json\/wp\/v2\/pages\/214"}],"wp:attachment":[{"href":"https:\/\/architektur.meurer.ch\/index.php\/wp-json\/wp\/v2\/media?parent=2"}],"curies":[{"name":"wp","href":"https:\/\/api.w.org\/{rel}","templated":true}]}}