{"id":214,"date":"2023-04-20T14:42:51","date_gmt":"2023-04-20T14:42:51","guid":{"rendered":"https:\/\/architektur.meurer.ch\/?page_id=214"},"modified":"2025-10-01T20:37:28","modified_gmt":"2025-10-01T20:37:28","slug":"architektur","status":"publish","type":"page","link":"https:\/\/architektur.meurer.ch\/","title":{"rendered":"Architektur"},"content":{"rendered":"\n<p>Nach meinem Verst\u00e4ndnis von Architektur muss bereits das durchdachte und liebevoll ausgestaltete Detail \u00fcber die Erfordernisse seines reinen Zwecks hinausgehen. Im Detail liegt der Kern f\u00fcr ein stimmiges gesamtes Bauwerk, das architektonisch funktioniert. Mein Augenmerk liegt darum nicht (nur) auf dem grossen Ganzen, sondern vor allem auch im &#8211; nur vermeintlich &#8211; unscheinbaren Detail. <\/p>\n\n\n\n<section id=\"projekte\">\n<br>\n<\/section>\n\n\n\n<h2 class=\"wp-block-heading\">Projekte<\/h2>\n\n\n\n<p><a href=\"https:\/\/architektur.meurer.ch\/index.php\/architektur\/erneuerung-oberstufenzentrum-pestalozzi\/\" data-type=\"page\" data-id=\"656\">2023-2029 Erweiterung Schulzentrum Pestalozzi (Stans)<\/a><br>2024-2026 Umbau Kantorei (Z\u00fcrich)<br>2024 Bauherrenvertretung (St\u00e4fa)<br>2023-2025 Sicherheitskonzept Skyguide (D\u00fcbendorf)<br>2023 Projekt mit Baueingabe Aurorastrasse (Z\u00fcrich)<br>2023-2024 Fassadensanierung (Au\/W\u00e4denswil)<br>2023 Fensteraustausch (Z\u00fcrich)<br>2022-2023 Planung Mehrfamilienhaus (Dietlikon)<br>2022-2024 Planung Denkmalpflegerischer Umbau Scheune und Wohnhaus (Marthalen)<br><a href=\"https:\/\/architektur.meurer.ch\/index.php\/ch-media-zuerich-oerlikon\/\" data-type=\"page\" data-id=\"301\">2018-2021 Umbau Medienpark CH Media (Z\u00fcrich-Oerlikon)<\/a><br><a href=\"https:\/\/architektur.meurer.ch\/index.php\/siedlung-alterswohnungen-espenhof-zuerich\/\" data-type=\"page\" data-id=\"381\">2017-2019 Denkmalpflegerischer Umbau Siedlung Espenhof (Z\u00fcrich)<\/a><br><a href=\"https:\/\/architektur.meurer.ch\/index.php\/platzgestaltung-einsteinplatz-aarau\/\" data-type=\"page\" data-id=\"289\">2013-2017 Platzgestaltung Einsteinplatz (Aarau)<\/a><br><a href=\"https:\/\/architektur.meurer.ch\/index.php\/planung-mfh-thorlen\/\" data-type=\"page\" data-id=\"503\">2019 Planung Mehrfamilienh\u00e4user (Uerikon ZH)<\/a><br><a href=\"https:\/\/architektur.meurer.ch\/index.php\/azh\/\" data-type=\"page\" data-id=\"252\">2014-2017 Neubau Ausbildungszentrum Holzbau (Buchs ZH)<\/a><br><a href=\"https:\/\/architektur.meurer.ch\/index.php\/neubau-turnhallen-solothurn\/\" data-type=\"page\" data-id=\"2\">2013-2017 Neubau Turnhallen (Solothurn)<\/a><br><a href=\"https:\/\/architektur.meurer.ch\/index.php\/umbau-doppeleinfamilienhaushaelfte-aarau\/\" data-type=\"page\" data-id=\"366\">2012 Umbau Einfamilienhaus (Aarau)<\/a><\/p>\n\n\n\n<section id=\"about\">\n<\/section>\n<br>\n\n\n\n<h2 class=\"wp-block-heading\">About<\/h2>\n\n\n\n<h3 class=\"wp-block-heading\">Mein Angebot : <br>Freelancer f\u00fcr Architekturb\u00fcros, innovative Architektur<\/h3>\n\n\n\n<p>Als Architekt bin ich nicht nur f\u00fcr die gestaltende, technische und wirtschaftliche Planung von Geb\u00e4uden und anderen Bauwerken zust\u00e4ndig, sondern auch in beratender Funktion t\u00e4tig. Meine Leistungen biete ich nicht nur Bauherren, sondern vor allem auch als Freelancer f\u00fcr Kolleginnen und Kollegen an: Ich helfe in Architekturb\u00fcros aus, wenn&#8217;s dort brennt und \u00fcbernehme projektbezogene Arbeiten. Auf diese Weise kann ich punktuell entlasten, wenn es in Ihrem Team zu Engp\u00e4ssen kommt. Mein Kalender ist flexibel, sprechen Sie mich an, wenn akut Not am Mann ist oder sich bereits im Vorfeld abzeichnet, dass eine helfende Hand w\u00e4hrend Krankheits- oder Mutterschaftspausen vonn\u00f6ten sein wird. <\/p>\n\n\n\n<div class=\"wp-block-media-text alignwide is-stacked-on-mobile is-vertically-aligned-top\" style=\"grid-template-columns:31% auto\"><figure class=\"wp-block-media-text__media\"><img loading=\"lazy\" decoding=\"async\" width=\"683\" height=\"1024\" src=\"https:\/\/architektur.meurer.ch\/wp-content\/uploads\/2023\/05\/DSC01293-683x1024.jpg\" alt=\"\" class=\"wp-image-535 size-full\" srcset=\"https:\/\/architektur.meurer.ch\/wp-content\/uploads\/2023\/05\/DSC01293-683x1024.jpg 683w, https:\/\/architektur.meurer.ch\/wp-content\/uploads\/2023\/05\/DSC01293-200x300.jpg 200w, https:\/\/architektur.meurer.ch\/wp-content\/uploads\/2023\/05\/DSC01293-768x1152.jpg 768w, https:\/\/architektur.meurer.ch\/wp-content\/uploads\/2023\/05\/DSC01293-1024x1536.jpg 1024w, https:\/\/architektur.meurer.ch\/wp-content\/uploads\/2023\/05\/DSC01293-1365x2048.jpg 1365w, https:\/\/architektur.meurer.ch\/wp-content\/uploads\/2023\/05\/DSC01293-scaled.jpg 1707w\" sizes=\"auto, (max-width: 683px) 100vw, 683px\" \/><\/figure><div class=\"wp-block-media-text__content\">\n<p>Auch wenn es sich die meisten nicht bewusst machen: Architektur pr\u00e4gt unsere Lebens- und Arbeitsweise tagt\u00e4glich. Sich dieser Pr\u00e4gung bewusst zu werden und diese positiv auszugestalten, ist mit eine der wichtigsten Aufgaben des Architekten. Mein Berufsfeld ist st\u00e4ndig im Wandel: neue Technologien und innovative Materialien sind zu erkunden, die Anforderungen an private und \u00f6ffentliche Geb\u00e4ude wandeln sich stets und werden zunehmend komplexer. Ich bin davon \u00fcberzeugt, dass Achitekten zur gesellschaftlichen Stabilit\u00e4t beitragen k\u00f6nnen. Bei meiner Arbeit stelle ich stets den Menschen, dem das Bauerk nutzen soll, in den Fokus. Dabei haben Nachhaltigkeit und Qualit\u00e4t oberste Priorit\u00e4t.<\/p>\n\n\n\n<p>Mir ist in der Architektur wichtig, dass r\u00e4umliche Anordnung und  Materialisierung in Beziehung zueinander stehen. Die  architektonischen grundlegenden Anforderungen sind unver\u00e4nderlich.  Menschen suchen Schutz, Gemeinschaft und Identit\u00e4t. Ein Raum kann mit  allen Sinnen erdacht, gebaut, erfahren, gelebt, produziert werden.<\/p>\n\n\n\n<p>Daniel Meurer, Architekt<\/p>\n\n\n\n<p><\/p>\n<\/div><\/div>\n\n\n\n<br>\n\n\n\n<figure class=\"wp-block-image size-full\"><img loading=\"lazy\" decoding=\"async\" width=\"907\" height=\"650\" src=\"https:\/\/architektur.meurer.ch\/wp-content\/uploads\/2023\/05\/beruflicheStationen.png\" alt=\"\" class=\"wp-image-491\" srcset=\"https:\/\/architektur.meurer.ch\/wp-content\/uploads\/2023\/05\/beruflicheStationen.png 907w, https:\/\/architektur.meurer.ch\/wp-content\/uploads\/2023\/05\/beruflicheStationen-300x215.png 300w, https:\/\/architektur.meurer.ch\/wp-content\/uploads\/2023\/05\/beruflicheStationen-768x550.png 768w\" sizes=\"auto, (max-width: 907px) 100vw, 907px\" \/><\/figure>\n\n\n\n<section id=\"kontakt\">\n<br>\n<\/section>\n<br>\n\n\n\n<h2 class=\"wp-block-heading\">Kontakt<\/h2>\n\n\n\n<p>Daniel Meurer<br>Alfred-Escher-Strasse 23<br>8002 Z\u00fcrich<br>079 733 44 28<br><a href=\"mailto:architektur@meurer.ch\">architektur at meurer.ch<\/a><\/p>\n\n\n\n<figure class=\"wp-block-image size-full\"><img loading=\"lazy\" decoding=\"async\" width=\"232\" height=\"232\" src=\"https:\/\/architektur.meurer.ch\/wp-content\/uploads\/2023\/04\/Adresse-e1683815696203.png\" alt=\"\" class=\"wp-image-146\" srcset=\"https:\/\/architektur.meurer.ch\/wp-content\/uploads\/2023\/04\/Adresse-e1683815696203.png 232w, https:\/\/architektur.meurer.ch\/wp-content\/uploads\/2023\/04\/Adresse-e1683815696203-150x150.png 150w\" sizes=\"auto, (max-width: 232px) 100vw, 232px\" \/><\/figure>\n\n\n\n<p>Datenschutzbestimmungen sind <a href=\"https:\/\/architektur.meurer.ch\/index.php\/privacy-policy\/\">hier<\/a> zu lesen<\/p>\n","protected":false},"excerpt":{"rendered":"<p>Nach meinem Verst\u00e4ndnis von Architektur muss bereits das durchdachte und liebevoll ausgestaltete Detail \u00fcber die Erfordernisse seines reinen Zwecks hinausgehen. Im Detail liegt der Kern f\u00fcr ein stimmiges gesamtes Bauwerk, das architektonisch funktioniert. Mein Augenmerk liegt darum nicht (nur) auf dem grossen Ganzen, sondern vor allem auch im &#8211; nur vermeintlich &#8211; unscheinbaren Detail. Projekte &hellip; <a href=\"https:\/\/architektur.meurer.ch\/\" class=\"more-link\"><span class=\"screen-reader-text\">Architektur<\/span> weiterlesen<\/a><\/p>\n","protected":false},"author":1,"featured_media":0,"parent":0,"menu_order":0,"comment_status":"closed","ping_status":"closed","template":"full-width-page.php","meta":{"footnotes":""},"class_list":["post-214","page","type-page","status-publish","hentry"],"_links":{"self":[{"href":"https:\/\/architektur.meurer.ch\/index.php\/wp-json\/wp\/v2\/pages\/214","targetHints":{"allow":["GET"]}}],"collection":[{"href":"https:\/\/architektur.meurer.ch\/index.php\/wp-json\/wp\/v2\/pages"}],"about":[{"href":"https:\/\/architektur.meurer.ch\/index.php\/wp-json\/wp\/v2\/types\/page"}],"author":[{"embeddable":true,"href":"https:\/\/architektur.meurer.ch\/index.php\/wp-json\/wp\/v2\/users\/1"}],"replies":[{"embeddable":true,"href":"https:\/\/architektur.meurer.ch\/index.php\/wp-json\/wp\/v2\/comments?post=214"}],"version-history":[{"count":88,"href":"https:\/\/architektur.meurer.ch\/index.php\/wp-json\/wp\/v2\/pages\/214\/revisions"}],"predecessor-version":[{"id":684,"href":"https:\/\/architektur.meurer.ch\/index.php\/wp-json\/wp\/v2\/pages\/214\/revisions\/684"}],"wp:attachment":[{"href":"https:\/\/architektur.meurer.ch\/index.php\/wp-json\/wp\/v2\/media?parent=214"}],"curies":[{"name":"wp","href":"https:\/\/api.w.org\/{rel}","templated":true}]}}