{"id":252,"date":"2023-05-01T17:54:47","date_gmt":"2023-05-01T17:54:47","guid":{"rendered":"https:\/\/architektur.meurer.ch\/?page_id=252"},"modified":"2025-09-20T20:40:51","modified_gmt":"2025-09-20T20:40:51","slug":"azh","status":"publish","type":"page","link":"https:\/\/architektur.meurer.ch\/index.php\/architektur\/azh\/","title":{"rendered":"2014-2017 Ausbildungszentrum Holzbau AZH, Buchs ZH"},"content":{"rendered":"\n<p>Wo Holzbearbeiterinnen, Holzbearbeiter und Zimmerleute ihre Lehre abschliessen k\u00f6nnen<\/p>\n\n\n<div id=\"metaslider-id-255\" style=\"width: 100%;\" class=\"ml-slider-3-106-0 metaslider metaslider-flex metaslider-255 ml-slider has-dots-nav ms-theme-default\" role=\"region\" aria-label=\"AZH\" data-height=\"1300\" data-width=\"1300\">\n    <div id=\"metaslider_container_255\">\n        <div id=\"metaslider_255\">\n            <ul class='slides'>\n                <li style=\"display: block; width: 100%;\" class=\"slide-274 ms-image \" aria-roledescription=\"slide\" data-date=\"2023-04-20 18:01:59\" data-filename=\"17.036.PM_.frei_429553-scaled-1300x1300.jpg\" data-slide-type=\"image\"><img loading=\"lazy\" decoding=\"async\" src=\"https:\/\/architektur.meurer.ch\/wp-content\/uploads\/2023\/04\/17.036.PM_.frei_429553-scaled-1300x1300.jpg\" height=\"1300\" width=\"1300\" alt=\"Ausbildungszentrum Buchs inklusive Anbau Aussenansicht\" class=\"slider-255 slide-274 msDefaultImage\" title=\"AZH Buchs mit Verl\u00e4ngerung\" \/><\/li>\n                <li style=\"display: none; width: 100%;\" class=\"slide-275 ms-image \" aria-roledescription=\"slide\" data-date=\"2023-04-20 18:01:59\" data-filename=\"17.036.PM_.frei_428695-scaled-1300x1300.jpg\" data-slide-type=\"image\"><img loading=\"lazy\" decoding=\"async\" src=\"https:\/\/architektur.meurer.ch\/wp-content\/uploads\/2023\/04\/17.036.PM_.frei_428695-scaled-1300x1300.jpg\" height=\"1300\" width=\"1300\" alt=\"Ausbildungszemtrum Holzbau\" class=\"slider-255 slide-275 msDefaultImage\" title=\"AZH Grosser Kranraum\" \/><\/li>\n                <li style=\"display: none; width: 100%;\" class=\"slide-276 ms-image \" aria-roledescription=\"slide\" data-date=\"2023-04-20 18:01:59\" data-filename=\"15.085.PM_.frei_353496-scaled-1300x1300.jpg\" data-slide-type=\"image\"><img loading=\"lazy\" decoding=\"async\" src=\"https:\/\/architektur.meurer.ch\/wp-content\/uploads\/2023\/04\/15.085.PM_.frei_353496-scaled-1300x1300.jpg\" height=\"1300\" width=\"1300\" alt=\"Ausbildungszemtrum Holzbau\" class=\"slider-255 slide-276 msDefaultImage\" title=\"AZH Buchs Aussicht\" \/><\/li>\n                <li style=\"display: none; width: 100%;\" class=\"slide-277 ms-image \" aria-roledescription=\"slide\" data-date=\"2023-04-20 18:01:59\" data-filename=\"15.085.PM_.frei_353328-scaled-1300x1300.jpg\" data-slide-type=\"image\"><img loading=\"lazy\" decoding=\"async\" src=\"https:\/\/architektur.meurer.ch\/wp-content\/uploads\/2023\/04\/15.085.PM_.frei_353328-scaled-1300x1300.jpg\" height=\"1300\" width=\"1300\" alt=\"Ausbildungszemtrum Holzbau\" class=\"slider-255 slide-277 msDefaultImage\" title=\"AZH Buchs grosser Raum leer\" \/><\/li>\n            <\/ul>\n        <\/div>\n        \n    <\/div>\n<\/div>\n\n\n\n<br>\n\n\n\n<div class=\"wp-block-media-text alignwide is-stacked-on-mobile\"><figure class=\"wp-block-media-text__media\"><img loading=\"lazy\" decoding=\"async\" width=\"768\" height=\"1024\" src=\"https:\/\/architektur.meurer.ch\/wp-content\/uploads\/2023\/04\/15.085.PM_.frei_353419-768x1024.jpg\" alt=\"\" class=\"wp-image-282 size-full\" srcset=\"https:\/\/architektur.meurer.ch\/wp-content\/uploads\/2023\/04\/15.085.PM_.frei_353419-768x1024.jpg 768w, https:\/\/architektur.meurer.ch\/wp-content\/uploads\/2023\/04\/15.085.PM_.frei_353419-225x300.jpg 225w, https:\/\/architektur.meurer.ch\/wp-content\/uploads\/2023\/04\/15.085.PM_.frei_353419-1152x1536.jpg 1152w, https:\/\/architektur.meurer.ch\/wp-content\/uploads\/2023\/04\/15.085.PM_.frei_353419-1536x2048.jpg 1536w, https:\/\/architektur.meurer.ch\/wp-content\/uploads\/2023\/04\/15.085.PM_.frei_353419-scaled.jpg 1920w\" sizes=\"auto, (max-width: 768px) 100vw, 768px\" \/><\/figure><div class=\"wp-block-media-text__content\">\n<div class=\"wp-block-columns is-not-stacked-on-mobile is-layout-flex wp-container-core-columns-is-layout-9d6595d7 wp-block-columns-is-layout-flex\" style=\"font-size:0.7rem\">\n<div class=\"wp-block-column is-layout-flow wp-block-column-is-layout-flow\" style=\"font-size:1rem;flex-basis:51%\">\n<p>Bauherrschaft:<br>Adresse:<br>Auftragsart:<br>Architekturb\u00fcro:<br>Projektleitung:<br>Holzbauing.:<br>Bauleitung:<br>Fotos:<br>Planung:<br>Ausf\u00fchrung:<br>Erweiterung:<\/p>\n<\/div>\n\n\n\n<div class=\"wp-block-column is-layout-flow wp-block-column-is-layout-flow\" style=\"font-size:1rem;flex-basis:51%\">\n<p>Ermitin AG, Buchs<br><a rel=\"noreferrer noopener\" href=\"https:\/\/www.google.ch\/maps\/place\/Ausbildungszentrum+Holzbau+Z%C3%BCrich\/@47.4517927,8.4334116,17z\/data=!4m15!1m8!3m7!1s0x47900cccf4b06f0d:0xf695268a2da006e3!2sFurtbachstrasse,+Buchs!3b1!8m2!3d47.4517891!4d8.4359865!16s%2Fg%2F1tfgn9nl!3m5!1s0x4790769ba777a8e9:0x422b0bf28657f43c!8m2!3d47.450767!4d8.432995!16s%2Fg%2F1thtc1bl\" target=\"_blank\">hier<\/a><br>Wettbewerb<br><a href=\"https:\/\/www.petermoor.ch\/\" target=\"_blank\" rel=\"noreferrer noopener\">Peter Moor GmbH<\/a><br>Daniel Meurer<br><a href=\"https:\/\/www.holzbauing.ch\/\" target=\"_blank\" rel=\"noreferrer noopener\">Makiol Wiederkehr<\/a><br>Andreas Seiz<br><a href=\"https:\/\/rogerfrei.com\" target=\"_blank\" rel=\"noreferrer noopener\">Roger Frei<\/a><br>2014-2015<br>2015<br>2017<\/p>\n<\/div>\n<\/div>\n<\/div><\/div>\n\n\n\n<br>\n\n\n\n<p>Das charakterbildende Element des Ausbildungszentrums ist die Tragstruktur: Die feine St\u00fctzen- und Tr\u00e4gerstruktur stellt grunds\u00e4tzlich die Architektur her und verweist auf eine stolze, filigrane Holzbaukunst. Zwillingsst\u00fctzen verschr\u00e4nken sich mit den tragenden Balken der Geschossdecke und dem weit auskragenden Dach. Die Repetition dieser Tr\u00e4gerkonstruktion f\u00fchrt zu einer profilierten Fassade, welche mit den Vor- und R\u00fcckspr\u00fcngen ein pr\u00e4gnantes Schattenspiel erzeugt.<\/p>\n\n\n\n<p>Die stehenden Felder werden mit gerahmten Fenstern bespielt, die wiederum stehende L\u00fcftungsfl\u00fcgel aufweisen, wodurch die vertikalisierte Fassade mit dem kr\u00e4ftigen Dach eine klare Horizontale als Abschluss erh\u00e4lt.<br>Das lediglich zweigeschossige, relativ flache Geb\u00e4ude steht somit in einem subtilen Gleichgewicht zwischen vertikal erscheinender Fassade und horizontalem Gesamtauftritt. Eine dauerhaft dichte Geb\u00e4udeh\u00fclle ben\u00f6tigt formstabile, durchdringende Bauteile. Die durchgestreckten Bauteile sind im Innen- und Aussenbereich unterschiedlichen klimatischen Bedingungen ausgesetzt. Das bedeutet, dass die Holztr\u00e4ger sich entgegengesetzten Schwind- und Quellbewegungen unterworfen sind, was jedoch durch Querarmierungen am \u00dcbergang von Innen nach Aussen verhindert wird.<\/p>\n\n\n\n<p>Der moderne Holzbau steht symbolisch f\u00fcr eine neuzeitliche Ausbildung der Zimmerleute.<\/p>\n\n\n\n<div style=\"height:100px\" aria-hidden=\"true\" class=\"wp-block-spacer\"><\/div>\n\n\n\n<div class=\"wp-block-columns is-layout-flex wp-container-core-columns-is-layout-9d6595d7 wp-block-columns-is-layout-flex\">\n<div class=\"wp-block-column is-layout-flow wp-block-column-is-layout-flow\">\n<p><a href=\"https:\/\/architektur.meurer.ch\/index.php\/architektur\/planung-mfh-thorlen\/\" data-type=\"page\" data-id=\"503\">vorheriges Projekt<\/a><\/p>\n<\/div>\n\n\n\n<div class=\"wp-block-column is-layout-flow wp-block-column-is-layout-flow\">\n<p class=\"has-text-align-center\"><a href=\"https:\/\/architektur.meurer.ch\/index.php\/architektur\/azh\/\" data-type=\"page\" data-id=\"252\">nach oben<\/a><\/p>\n<\/div>\n\n\n\n<div class=\"wp-block-column is-layout-flow wp-block-column-is-layout-flow\">\n<p class=\"has-text-align-right\"><a href=\"https:\/\/architektur.meurer.ch\/index.php\/architektur\/neubau-turnhallen-solothurn\/\" data-type=\"page\" data-id=\"2\">n\u00e4chstes Projekt<\/a><\/p>\n<\/div>\n<\/div>\n","protected":false},"excerpt":{"rendered":"<p>Wo Holzbearbeiterinnen, Holzbearbeiter und Zimmerleute ihre Lehre abschliessen k\u00f6nnen Das charakterbildende Element des Ausbildungszentrums ist die Tragstruktur: Die feine St\u00fctzen- und Tr\u00e4gerstruktur stellt grunds\u00e4tzlich die Architektur her und verweist auf eine stolze, filigrane Holzbaukunst. Zwillingsst\u00fctzen verschr\u00e4nken sich mit den tragenden Balken der Geschossdecke und dem weit auskragenden Dach. Die Repetition dieser Tr\u00e4gerkonstruktion f\u00fchrt zu einer &hellip; <a href=\"https:\/\/architektur.meurer.ch\/index.php\/architektur\/azh\/\" class=\"more-link\"><span class=\"screen-reader-text\">2014-2017 Ausbildungszentrum Holzbau AZH, Buchs ZH<\/span> weiterlesen<\/a><\/p>\n","protected":false},"author":1,"featured_media":0,"parent":214,"menu_order":3,"comment_status":"closed","ping_status":"closed","template":"full-width-page.php","meta":{"footnotes":""},"class_list":["post-252","page","type-page","status-publish","hentry"],"_links":{"self":[{"href":"https:\/\/architektur.meurer.ch\/index.php\/wp-json\/wp\/v2\/pages\/252","targetHints":{"allow":["GET"]}}],"collection":[{"href":"https:\/\/architektur.meurer.ch\/index.php\/wp-json\/wp\/v2\/pages"}],"about":[{"href":"https:\/\/architektur.meurer.ch\/index.php\/wp-json\/wp\/v2\/types\/page"}],"author":[{"embeddable":true,"href":"https:\/\/architektur.meurer.ch\/index.php\/wp-json\/wp\/v2\/users\/1"}],"replies":[{"embeddable":true,"href":"https:\/\/architektur.meurer.ch\/index.php\/wp-json\/wp\/v2\/comments?post=252"}],"version-history":[{"count":17,"href":"https:\/\/architektur.meurer.ch\/index.php\/wp-json\/wp\/v2\/pages\/252\/revisions"}],"predecessor-version":[{"id":646,"href":"https:\/\/architektur.meurer.ch\/index.php\/wp-json\/wp\/v2\/pages\/252\/revisions\/646"}],"up":[{"embeddable":true,"href":"https:\/\/architektur.meurer.ch\/index.php\/wp-json\/wp\/v2\/pages\/214"}],"wp:attachment":[{"href":"https:\/\/architektur.meurer.ch\/index.php\/wp-json\/wp\/v2\/media?parent=252"}],"curies":[{"name":"wp","href":"https:\/\/api.w.org\/{rel}","templated":true}]}}