{"id":289,"date":"2023-05-01T08:01:28","date_gmt":"2023-05-01T08:01:28","guid":{"rendered":"https:\/\/architektur.meurer.ch\/?page_id=289"},"modified":"2025-09-20T20:41:34","modified_gmt":"2025-09-20T20:41:34","slug":"platzgestaltung-einsteinplatz-aarau","status":"publish","type":"page","link":"https:\/\/architektur.meurer.ch\/index.php\/architektur\/platzgestaltung-einsteinplatz-aarau\/","title":{"rendered":"2013-2017 Platzgestaltung Einsteinplatz, Aarau"},"content":{"rendered":"\n<p>Ein Musikpavillon f\u00fcr das Restaurant Einstein<\/p>\n\n\n\n<div class=\"wp-block-columns is-layout-flex wp-container-core-columns-is-layout-9d6595d7 wp-block-columns-is-layout-flex\">\n<div class=\"wp-block-column is-layout-flow wp-block-column-is-layout-flow\" style=\"flex-basis:100%\"><div id=\"metaslider-id-256\" style=\"width: 100%;\" class=\"ml-slider-3-106-0 metaslider metaslider-flex metaslider-256 ml-slider ms-theme-default nav-hidden\" role=\"region\" aria-label=\"Einsteinplatz, Aarau\" data-height=\"1300\" data-width=\"1300\">\n    <div id=\"metaslider_container_256\">\n        <div id=\"metaslider_256\">\n            <ul class='slides'>\n                <li style=\"display: block; width: 100%;\" class=\"slide-291 ms-image \" aria-roledescription=\"slide\" data-date=\"2023-04-21 08:02:03\" data-filename=\"DSCN9429-scaled-1300x1300.jpg\" data-slide-type=\"image\"><img loading=\"lazy\" decoding=\"async\" src=\"https:\/\/architektur.meurer.ch\/wp-content\/uploads\/2023\/04\/DSCN9429-scaled-1300x1300.jpg\" height=\"1300\" width=\"1300\" alt=\"\" class=\"slider-256 slide-291 msDefaultImage\" title=\"DSCN9429\" \/><\/li>\n                <li style=\"display: none; width: 100%;\" class=\"slide-292 ms-image \" aria-roledescription=\"slide\" data-date=\"2023-04-21 08:02:03\" data-filename=\"DSC01588-scaled-1300x1300.jpg\" data-slide-type=\"image\"><img loading=\"lazy\" decoding=\"async\" src=\"https:\/\/architektur.meurer.ch\/wp-content\/uploads\/2023\/04\/DSC01588-scaled-1300x1300.jpg\" height=\"1300\" width=\"1300\" alt=\"\" class=\"slider-256 slide-292 msDefaultImage\" title=\"DSC01588\" \/><\/li>\n                <li style=\"display: none; width: 100%;\" class=\"slide-293 ms-image \" aria-roledescription=\"slide\" data-date=\"2023-04-21 08:02:03\" data-filename=\"DSC01585-scaled-1300x1300.jpg\" data-slide-type=\"image\"><img loading=\"lazy\" decoding=\"async\" src=\"https:\/\/architektur.meurer.ch\/wp-content\/uploads\/2023\/04\/DSC01585-scaled-1300x1300.jpg\" height=\"1300\" width=\"1300\" alt=\"\" class=\"slider-256 slide-293 msDefaultImage\" title=\"DSC01585\" \/><\/li>\n                <li style=\"display: none; width: 100%;\" class=\"slide-294 ms-image \" aria-roledescription=\"slide\" data-date=\"2023-04-21 08:02:03\" data-filename=\"DSC01584-scaled-1300x1300.jpg\" data-slide-type=\"image\"><img loading=\"lazy\" decoding=\"async\" src=\"https:\/\/architektur.meurer.ch\/wp-content\/uploads\/2023\/04\/DSC01584-scaled-1300x1300.jpg\" height=\"1300\" width=\"1300\" alt=\"\" class=\"slider-256 slide-294 msDefaultImage\" title=\"DSC01584\" \/><\/li>\n                <li style=\"display: none; width: 100%;\" class=\"slide-295 ms-image \" aria-roledescription=\"slide\" data-date=\"2023-04-21 08:02:03\" data-filename=\"deutsch_2017_M0A2337-5D3-HR-scaled-1300x1300.jpg\" data-slide-type=\"image\"><img loading=\"lazy\" decoding=\"async\" src=\"https:\/\/architektur.meurer.ch\/wp-content\/uploads\/2023\/04\/deutsch_2017_M0A2337-5D3-HR-scaled-1300x1300.jpg\" height=\"1300\" width=\"1300\" alt=\"\" class=\"slider-256 slide-295 msDefaultImage\" title=\"78-2017_M0A2337&lt;br \/&gt;Tania Simili + Wolfgang Fernow\" \/><\/li>\n                <li style=\"display: none; width: 100%;\" class=\"slide-296 ms-image \" aria-roledescription=\"slide\" data-date=\"2023-04-21 08:02:03\" data-filename=\"deutsch_2017_M0A2289-5D3-HR-scaled-1300x1300.jpg\" data-slide-type=\"image\"><img loading=\"lazy\" decoding=\"async\" src=\"https:\/\/architektur.meurer.ch\/wp-content\/uploads\/2023\/04\/deutsch_2017_M0A2289-5D3-HR-scaled-1300x1300.jpg\" height=\"1300\" width=\"1300\" alt=\"\" class=\"slider-256 slide-296 msDefaultImage\" title=\"74-2017_M0A2289-5D3.CR2&lt;br \/&gt;Tania Simili\" \/><\/li>\n                <li style=\"display: none; width: 100%;\" class=\"slide-297 ms-image \" aria-roledescription=\"slide\" data-date=\"2023-04-21 08:02:03\" data-filename=\"deutsch_2017_M0A2286-5D3-HR-scaled-1300x1300.jpg\" data-slide-type=\"image\"><img loading=\"lazy\" decoding=\"async\" src=\"https:\/\/architektur.meurer.ch\/wp-content\/uploads\/2023\/04\/deutsch_2017_M0A2286-5D3-HR-scaled-1300x1300.jpg\" height=\"1300\" width=\"1300\" alt=\"\" class=\"slider-256 slide-297 msDefaultImage\" title=\"71-2017_M0A2286&lt;br \/&gt;Tania Simili\" \/><\/li>\n            <\/ul>\n        <\/div>\n        \n    <\/div>\n<\/div>\n<\/div>\n<\/div>\n\n\n\n<br>\n\n\n\n<div class=\"wp-block-media-text alignwide is-stacked-on-mobile\"><figure class=\"wp-block-media-text__media\"><img loading=\"lazy\" decoding=\"async\" width=\"1024\" height=\"768\" src=\"https:\/\/architektur.meurer.ch\/wp-content\/uploads\/2023\/04\/IMG_3361-1024x768.jpg\" alt=\"\" class=\"wp-image-273 size-full\" srcset=\"https:\/\/architektur.meurer.ch\/wp-content\/uploads\/2023\/04\/IMG_3361-1024x768.jpg 1024w, https:\/\/architektur.meurer.ch\/wp-content\/uploads\/2023\/04\/IMG_3361-300x225.jpg 300w, https:\/\/architektur.meurer.ch\/wp-content\/uploads\/2023\/04\/IMG_3361-768x576.jpg 768w, https:\/\/architektur.meurer.ch\/wp-content\/uploads\/2023\/04\/IMG_3361-1536x1152.jpg 1536w, https:\/\/architektur.meurer.ch\/wp-content\/uploads\/2023\/04\/IMG_3361-2048x1536.jpg 2048w, https:\/\/architektur.meurer.ch\/wp-content\/uploads\/2023\/04\/IMG_3361-2000x1500.jpg 2000w\" sizes=\"auto, (max-width: 1024px) 100vw, 1024px\" \/><\/figure><div class=\"wp-block-media-text__content\">\n<div class=\"wp-block-columns is-not-stacked-on-mobile is-layout-flex wp-container-core-columns-is-layout-9d6595d7 wp-block-columns-is-layout-flex\" style=\"font-size:0.7rem\">\n<div class=\"wp-block-column is-vertically-aligned-top is-layout-flow wp-block-column-is-layout-flow\" style=\"font-size:1rem;flex-basis:51%\">\n<p>Bauherrschaft:<br>Adresse:<br>Auftragsart:<br>Architekturb\u00fcro:<br>Projektleitung:<br>Bauleitung:<br>Landschaft:<br>Fotos:<br>Planung:<br>Ausf\u00fchrung:<\/p>\n<\/div>\n\n\n\n<div class=\"wp-block-column is-vertically-aligned-top is-layout-flow wp-block-column-is-layout-flow\" style=\"font-size:1rem;flex-basis:51%\">\n<p>AZ Medien \/CS<br><a rel=\"noreferrer noopener\" href=\"https:\/\/www.google.ch\/maps\/place\/Aarau,+Bahnhof\/@47.3915473,8.0476607,19z\/data=!4m6!3m5!1s0x47903beffb949b8f:0x8a82141bc6746720!8m2!3d47.3919517!4d8.050979!16s%2Fg%2F1td6fd6m\" target=\"_blank\">hier<\/a><br>Direktauftrag<br><a rel=\"noreferrer noopener\" href=\"https:\/\/www.petermoor.ch\/\" target=\"_blank\">Peter Moor GmbH<\/a><br>Daniel Meurer<br>Daniel Meurer<br><a rel=\"noreferrer noopener\" href=\"https:\/\/www.raderschall.ch\/\" target=\"_blank\">Raderschall AG<\/a><br>Daniel Meurer <br>2013-2016<br>2015-2017<\/p>\n<\/div>\n<\/div>\n<\/div><\/div>\n\n\n\n<br>\n\n\n\n<p>Der bisher als Durchgangszone wahrgenommene Parkplatz sollte zu einem st\u00e4dtischen Platz mit Aussencaf\u00e9 werden: zum Einstein-Platz. Die Umgestaltung dieses l\u00e4ngs orientierten Raumes erfolgte mit einem punktf\u00f6rmigen, runden Flusskiesplatz: Er akzentuiert die Mitte und den begr\u00fcnten Musikpavillon, der sich asymmetrisch in diesen runden Teppich einschreibt. Diese beiden Elemente erm\u00f6glichen, den l\u00e4ngs gerichteten Aussenraum aufzubrechen und in der Mitte einen Pocketplatz mit entsprechendem Mobiliar anzubieten.<\/p>\n\n\n\n<p>Der Pavillon baut auf einem runden Betonsockel auf, welcher mit 45 cm H\u00f6he auch zum Sitzen dient. Auf diesen Sockel wurden die Stahlst\u00fctzen des kegelartig aufstrebenden Rankger\u00fcstes abgestellt. Der berankte Endzustand bietet einen sich saisonal ver\u00e4ndernden Schattenspender, welcher den Platzraum bespielt.<br>Die Flusskieselpfl\u00e4sterung, eine respektvolle Handarbeit, bildet den Kontrast zu den modernen Geb\u00e4uden. Eine fix installierte Aussenbar fungiert als logistisches Zentrum und erlaubt einen ganzj\u00e4hrigen Betrieb auch mit kurzfristigen Startphasen. Die Neugestaltung des Einstein-Platzes bildete den Schlusspunkt mehrerer Umbauten im Restaurant Einstein das nun \u00fcber 107 Aussenpl\u00e4tze verf\u00fcgt.<\/p>\n\n\n\n<div style=\"height:100px\" aria-hidden=\"true\" class=\"wp-block-spacer\"><\/div>\n\n\n\n<div class=\"wp-block-columns is-layout-flex wp-container-core-columns-is-layout-9d6595d7 wp-block-columns-is-layout-flex\">\n<div class=\"wp-block-column is-layout-flow wp-block-column-is-layout-flow\">\n<p><a href=\"https:\/\/architektur.meurer.ch\/index.php\/architektur\/siedlung-alterswohnungen-espenhof-zuerich\/\" data-type=\"page\" data-id=\"381\">vorheriges Projekt<\/a><\/p>\n<\/div>\n\n\n\n<div class=\"wp-block-column is-layout-flow wp-block-column-is-layout-flow\">\n<p class=\"has-text-align-center\"><a href=\"https:\/\/architektur.meurer.ch\/index.php\/architektur\/platzgestaltung-einsteinplatz-aarau\/\" data-type=\"page\" data-id=\"289\">nach oben<\/a><\/p>\n<\/div>\n\n\n\n<div class=\"wp-block-column is-layout-flow wp-block-column-is-layout-flow\">\n<p class=\"has-text-align-right\"><a href=\"https:\/\/architektur.meurer.ch\/index.php\/architektur\/planung-mfh-thorlen\/\" data-type=\"page\" data-id=\"503\">n\u00e4chstes Projekt<\/a><\/p>\n<\/div>\n<\/div>\n","protected":false},"excerpt":{"rendered":"<p>Ein Musikpavillon f\u00fcr das Restaurant Einstein Der bisher als Durchgangszone wahrgenommene Parkplatz sollte zu einem st\u00e4dtischen Platz mit Aussencaf\u00e9 werden: zum Einstein-Platz. Die Umgestaltung dieses l\u00e4ngs orientierten Raumes erfolgte mit einem punktf\u00f6rmigen, runden Flusskiesplatz: Er akzentuiert die Mitte und den begr\u00fcnten Musikpavillon, der sich asymmetrisch in diesen runden Teppich einschreibt. Diese beiden Elemente erm\u00f6glichen, den &hellip; <a href=\"https:\/\/architektur.meurer.ch\/index.php\/architektur\/platzgestaltung-einsteinplatz-aarau\/\" class=\"more-link\"><span class=\"screen-reader-text\">2013-2017 Platzgestaltung Einsteinplatz, Aarau<\/span> weiterlesen<\/a><\/p>\n","protected":false},"author":1,"featured_media":0,"parent":214,"menu_order":5,"comment_status":"closed","ping_status":"closed","template":"full-width-page.php","meta":{"footnotes":""},"class_list":["post-289","page","type-page","status-publish","hentry"],"_links":{"self":[{"href":"https:\/\/architektur.meurer.ch\/index.php\/wp-json\/wp\/v2\/pages\/289","targetHints":{"allow":["GET"]}}],"collection":[{"href":"https:\/\/architektur.meurer.ch\/index.php\/wp-json\/wp\/v2\/pages"}],"about":[{"href":"https:\/\/architektur.meurer.ch\/index.php\/wp-json\/wp\/v2\/types\/page"}],"author":[{"embeddable":true,"href":"https:\/\/architektur.meurer.ch\/index.php\/wp-json\/wp\/v2\/users\/1"}],"replies":[{"embeddable":true,"href":"https:\/\/architektur.meurer.ch\/index.php\/wp-json\/wp\/v2\/comments?post=289"}],"version-history":[{"count":11,"href":"https:\/\/architektur.meurer.ch\/index.php\/wp-json\/wp\/v2\/pages\/289\/revisions"}],"predecessor-version":[{"id":648,"href":"https:\/\/architektur.meurer.ch\/index.php\/wp-json\/wp\/v2\/pages\/289\/revisions\/648"}],"up":[{"embeddable":true,"href":"https:\/\/architektur.meurer.ch\/index.php\/wp-json\/wp\/v2\/pages\/214"}],"wp:attachment":[{"href":"https:\/\/architektur.meurer.ch\/index.php\/wp-json\/wp\/v2\/media?parent=289"}],"curies":[{"name":"wp","href":"https:\/\/api.w.org\/{rel}","templated":true}]}}