{"id":3,"date":"2022-08-15T19:49:52","date_gmt":"2022-08-15T19:49:52","guid":{"rendered":"https:\/\/architektur.meurer.ch\/?page_id=3"},"modified":"2023-06-12T19:58:22","modified_gmt":"2023-06-12T19:58:22","slug":"privacy-policy","status":"publish","type":"page","link":"https:\/\/architektur.meurer.ch\/index.php\/architektur\/privacy-policy\/","title":{"rendered":"Privacy Policy"},"content":{"rendered":"<div class=\"c-content--inner\">\n<div class=\"mb-md-2\">\n<div class=\"module txt\">\u00a0<\/div>\n<p>Bei Nutzung dieser Website und ihrer Funktionen sch\u00fctzen wir Ihre pers\u00f6nlichen Daten in \u00dcbereinstimmung mit dieser Datenschutzbestimmung und in \u00dcbereinstimmung mit schweizerischem Recht.<\/p>\n<p>SSL-Verschl\u00fcsselung<\/p>\n<p>Aus Sicherheitsgr\u00fcnden und zum Schutz der \u00dcbertragung vertraulicher Inhalte, die Sie an uns als Seitenbetreiber senden, nutzt unsere Website eine SSL- bzw. TLS-Verschl\u00fcsselung. Damit sind Daten, die Sie \u00fcber diese Website \u00fcbermitteln, f\u00fcr Dritte nicht mitlesbar. Sie erkennen eine verschl\u00fcsselte Verbindung an der \u00abhttps:\/\/\u00bb-Adresszeile Ihres Browsers und am Schloss-Symbol in der Browserzeile.<\/p>\n<p>Verantwortlich f\u00fcr den Inhalt nach \u00a75 Telemediengesetz (TMG):<\/p>\n<p>\u00a9 Daniel Meurer, 2023<br \/>Alfred-Escher-Strasse 23<br \/>CH-8002 Z\u00fcrich<\/p>\n<div class=\"page\" title=\"Page 1\">\n<div class=\"section\">\n<div class=\"layoutArea\">\n<div class=\"column\">\n<p>CH-020.1.091.438-9 (Schweiz)<\/p>\n<\/div>\n<\/div>\n<\/div>\n<\/div>\n<p>Eingetragen im Handelsregister des Kanton Z\u00fcrich<\/p>\n<p>HAFTUNGSHINWEIS:<br \/>Daniel Meurer \u00fcbernimmt keine Haftung f\u00fcr die Inhalte externer Links. F\u00fcr den Inhalt der verlinkten Seiten sind ausschlie\u00dflich deren Betreiber verantwortlich.<\/p>\n<p>URHEBERRECHT:<br \/>\u00a9 Daniel Meurer, 2023 \u2028Alle Rechte vorbehalten. Die Inhalte der architektur.meurer.ch Website sind urheberrechtlich gesch\u00fctzt. Texte, Bilder, Grafiken, Sounds, Animationen und Videos dieser Website d\u00fcrfen ohne vorherige schriftliche Zustimmung von Daniel Meurer in keiner Form verwendet oder reproduziert werden.<br \/>.<\/p>\n<\/div>\n<\/div>\n\n","protected":false},"excerpt":{"rendered":"<p>\u00a0 Bei Nutzung dieser Website und ihrer Funktionen sch\u00fctzen wir Ihre pers\u00f6nlichen Daten in \u00dcbereinstimmung mit dieser Datenschutzbestimmung und in \u00dcbereinstimmung mit schweizerischem Recht. SSL-Verschl\u00fcsselung Aus Sicherheitsgr\u00fcnden und zum Schutz der \u00dcbertragung vertraulicher Inhalte, die Sie an uns als Seitenbetreiber senden, nutzt unsere Website eine SSL- bzw. TLS-Verschl\u00fcsselung. Damit sind Daten, die Sie \u00fcber diese &hellip; <a href=\"https:\/\/architektur.meurer.ch\/index.php\/architektur\/privacy-policy\/\" class=\"more-link\"><span class=\"screen-reader-text\">Privacy Policy<\/span> weiterlesen<\/a><\/p>\n","protected":false},"author":1,"featured_media":0,"parent":214,"menu_order":0,"comment_status":"closed","ping_status":"closed","template":"","meta":{"footnotes":""},"class_list":["post-3","page","type-page","status-publish","hentry"],"_links":{"self":[{"href":"https:\/\/architektur.meurer.ch\/index.php\/wp-json\/wp\/v2\/pages\/3","targetHints":{"allow":["GET"]}}],"collection":[{"href":"https:\/\/architektur.meurer.ch\/index.php\/wp-json\/wp\/v2\/pages"}],"about":[{"href":"https:\/\/architektur.meurer.ch\/index.php\/wp-json\/wp\/v2\/types\/page"}],"author":[{"embeddable":true,"href":"https:\/\/architektur.meurer.ch\/index.php\/wp-json\/wp\/v2\/users\/1"}],"replies":[{"embeddable":true,"href":"https:\/\/architektur.meurer.ch\/index.php\/wp-json\/wp\/v2\/comments?post=3"}],"version-history":[{"count":3,"href":"https:\/\/architektur.meurer.ch\/index.php\/wp-json\/wp\/v2\/pages\/3\/revisions"}],"predecessor-version":[{"id":634,"href":"https:\/\/architektur.meurer.ch\/index.php\/wp-json\/wp\/v2\/pages\/3\/revisions\/634"}],"up":[{"embeddable":true,"href":"https:\/\/architektur.meurer.ch\/index.php\/wp-json\/wp\/v2\/pages\/214"}],"wp:attachment":[{"href":"https:\/\/architektur.meurer.ch\/index.php\/wp-json\/wp\/v2\/media?parent=3"}],"curies":[{"name":"wp","href":"https:\/\/api.w.org\/{rel}","templated":true}]}}