{"id":301,"date":"2023-05-01T08:48:42","date_gmt":"2023-05-01T08:48:42","guid":{"rendered":"https:\/\/architektur.meurer.ch\/?page_id=301"},"modified":"2025-09-20T20:42:43","modified_gmt":"2025-09-20T20:42:43","slug":"ch-media-zuerich-oerlikon","status":"publish","type":"page","link":"https:\/\/architektur.meurer.ch\/index.php\/architektur\/ch-media-zuerich-oerlikon\/","title":{"rendered":"2018-2021 CH-Media, Z\u00fcrich Oerlikon"},"content":{"rendered":"\n<p>Mieterausbau f\u00fcr das Medienunternehmen<\/p>\n\n\n<div id=\"metaslider-id-310\" style=\"width: 100%;\" class=\"ml-slider-3-106-0 metaslider metaslider-flex metaslider-310 ml-slider ms-theme-default nav-hidden\" role=\"region\" aria-label=\"ch media\" data-height=\"1300\" data-width=\"1300\">\n    <div id=\"metaslider_container_310\">\n        <div id=\"metaslider_310\">\n            <ul class='slides'>\n                <li style=\"display: block; width: 100%;\" class=\"slide-325 ms-image \" aria-roledescription=\"slide\" data-date=\"2023-04-21 16:44:42\" data-filename=\"21.060.PM_.frei_P0025462-scaled-1300x1300.jpg\" data-slide-type=\"image\"><img loading=\"lazy\" decoding=\"async\" src=\"https:\/\/architektur.meurer.ch\/wp-content\/uploads\/2023\/04\/21.060.PM_.frei_P0025462-scaled-1300x1300.jpg\" height=\"1300\" width=\"1300\" alt=\"\" class=\"slider-310 slide-325 msDefaultImage\" title=\"21.060.PM.frei_P0025462\" \/><\/li>\n                <li style=\"display: none; width: 100%;\" class=\"slide-326 ms-image \" aria-roledescription=\"slide\" data-date=\"2023-04-21 16:44:42\" data-filename=\"21.060.PM_.frei_P0025407-scaled-1300x1300.jpg\" data-slide-type=\"image\"><img loading=\"lazy\" decoding=\"async\" src=\"https:\/\/architektur.meurer.ch\/wp-content\/uploads\/2023\/04\/21.060.PM_.frei_P0025407-scaled-1300x1300.jpg\" height=\"1300\" width=\"1300\" alt=\"\" class=\"slider-310 slide-326 msDefaultImage\" title=\"21.060.PM.frei_P0025407\" \/><\/li>\n                <li style=\"display: none; width: 100%;\" class=\"slide-327 ms-image \" aria-roledescription=\"slide\" data-date=\"2023-04-21 16:44:43\" data-filename=\"21.060.PM_.frei_P0025380-scaled-1300x1300.jpg\" data-slide-type=\"image\"><img loading=\"lazy\" decoding=\"async\" src=\"https:\/\/architektur.meurer.ch\/wp-content\/uploads\/2023\/04\/21.060.PM_.frei_P0025380-scaled-1300x1300.jpg\" height=\"1300\" width=\"1300\" alt=\"\" class=\"slider-310 slide-327 msDefaultImage\" title=\"21.060.PM.frei_P0025380\" \/><\/li>\n                <li style=\"display: none; width: 100%;\" class=\"slide-328 ms-image \" aria-roledescription=\"slide\" data-date=\"2023-04-21 16:44:43\" data-filename=\"21.060.PM_.frei_P0025364-scaled-1300x1300.jpg\" data-slide-type=\"image\"><img loading=\"lazy\" decoding=\"async\" src=\"https:\/\/architektur.meurer.ch\/wp-content\/uploads\/2023\/04\/21.060.PM_.frei_P0025364-scaled-1300x1300.jpg\" height=\"1300\" width=\"1300\" alt=\"\" class=\"slider-310 slide-328 msDefaultImage\" title=\"21.060.PM.frei_P0025364\" \/><\/li>\n                <li style=\"display: none; width: 100%;\" class=\"slide-330 ms-image \" aria-roledescription=\"slide\" data-date=\"2023-04-21 16:44:43\" data-filename=\"21.060.PM_.frei_P0025339-scaled-1300x1300.jpg\" data-slide-type=\"image\"><img loading=\"lazy\" decoding=\"async\" src=\"https:\/\/architektur.meurer.ch\/wp-content\/uploads\/2023\/04\/21.060.PM_.frei_P0025339-scaled-1300x1300.jpg\" height=\"1300\" width=\"1300\" alt=\"\" class=\"slider-310 slide-330 msDefaultImage\" title=\"21.060.PM.frei_P0025339\" \/><\/li>\n                <li style=\"display: none; width: 100%;\" class=\"slide-332 ms-image \" aria-roledescription=\"slide\" data-date=\"2023-04-21 16:44:43\" data-filename=\"21.060.PM_.frei_P0025305-scaled-1300x1300.jpg\" data-slide-type=\"image\"><img loading=\"lazy\" decoding=\"async\" src=\"https:\/\/architektur.meurer.ch\/wp-content\/uploads\/2023\/04\/21.060.PM_.frei_P0025305-scaled-1300x1300.jpg\" height=\"1300\" width=\"1300\" alt=\"\" class=\"slider-310 slide-332 msDefaultImage\" title=\"21.060.PM.frei_P0025305\" \/><\/li>\n                <li style=\"display: none; width: 100%;\" class=\"slide-333 ms-image \" aria-roledescription=\"slide\" data-date=\"2023-04-21 16:44:43\" data-filename=\"21.060.PM_.frei_P0025287-scaled-1300x1300.jpg\" data-slide-type=\"image\"><img loading=\"lazy\" decoding=\"async\" src=\"https:\/\/architektur.meurer.ch\/wp-content\/uploads\/2023\/04\/21.060.PM_.frei_P0025287-scaled-1300x1300.jpg\" height=\"1300\" width=\"1300\" alt=\"\" class=\"slider-310 slide-333 msDefaultImage\" title=\"21.060.PM.frei_P0025287\" \/><\/li>\n                <li style=\"display: none; width: 100%;\" class=\"slide-334 ms-image \" aria-roledescription=\"slide\" data-date=\"2023-04-21 16:44:43\" data-filename=\"21.060.PM_.frei_P0025267-scaled-1300x1300.jpg\" data-slide-type=\"image\"><img loading=\"lazy\" decoding=\"async\" src=\"https:\/\/architektur.meurer.ch\/wp-content\/uploads\/2023\/04\/21.060.PM_.frei_P0025267-scaled-1300x1300.jpg\" height=\"1300\" width=\"1300\" alt=\"\" class=\"slider-310 slide-334 msDefaultImage\" title=\"21.060.PM.frei_P0025267\" \/><\/li>\n                <li style=\"display: none; width: 100%;\" class=\"slide-335 ms-image \" aria-roledescription=\"slide\" data-date=\"2023-04-21 16:44:43\" data-filename=\"21.060.PM_.frei_P0025249-scaled-1300x1300.jpg\" data-slide-type=\"image\"><img loading=\"lazy\" decoding=\"async\" src=\"https:\/\/architektur.meurer.ch\/wp-content\/uploads\/2023\/04\/21.060.PM_.frei_P0025249-scaled-1300x1300.jpg\" height=\"1300\" width=\"1300\" alt=\"\" class=\"slider-310 slide-335 msDefaultImage\" title=\"21.060.PM.frei_P0025249\" \/><\/li>\n                <li style=\"display: none; width: 100%;\" class=\"slide-336 ms-image \" aria-roledescription=\"slide\" data-date=\"2023-04-21 16:44:43\" data-filename=\"21.060.PM_.frei_P0025235-scaled-1300x1300.jpg\" data-slide-type=\"image\"><img loading=\"lazy\" decoding=\"async\" src=\"https:\/\/architektur.meurer.ch\/wp-content\/uploads\/2023\/04\/21.060.PM_.frei_P0025235-scaled-1300x1300.jpg\" height=\"1300\" width=\"1300\" alt=\"\" class=\"slider-310 slide-336 msDefaultImage\" title=\"21.060.PM.frei_P0025235\" \/><\/li>\n                <li style=\"display: none; width: 100%;\" class=\"slide-337 ms-image \" aria-roledescription=\"slide\" data-date=\"2023-04-21 16:44:43\" data-filename=\"IMG_3684-scaled-1300x1300.jpg\" data-slide-type=\"image\"><img loading=\"lazy\" decoding=\"async\" src=\"https:\/\/architektur.meurer.ch\/wp-content\/uploads\/2023\/04\/IMG_3684-scaled-1300x1300.jpg\" height=\"1300\" width=\"1300\" alt=\"\" class=\"slider-310 slide-337 msDefaultImage\" title=\"IMG_3684\" \/><\/li>\n                <li style=\"display: none; width: 100%;\" class=\"slide-338 ms-image \" aria-roledescription=\"slide\" data-date=\"2023-04-21 16:44:43\" data-filename=\"IMG_3504-scaled-1300x1300.jpg\" data-slide-type=\"image\"><img loading=\"lazy\" decoding=\"async\" src=\"https:\/\/architektur.meurer.ch\/wp-content\/uploads\/2023\/04\/IMG_3504-scaled-1300x1300.jpg\" height=\"1300\" width=\"1300\" alt=\"\" class=\"slider-310 slide-338 msDefaultImage\" title=\"IMG_3504\" \/><\/li>\n                <li style=\"display: none; width: 100%;\" class=\"slide-339 ms-image \" aria-roledescription=\"slide\" data-date=\"2023-04-21 16:44:43\" data-filename=\"IMG_3499-scaled-1300x1300.jpg\" data-slide-type=\"image\"><img loading=\"lazy\" decoding=\"async\" src=\"https:\/\/architektur.meurer.ch\/wp-content\/uploads\/2023\/04\/IMG_3499-scaled-1300x1300.jpg\" height=\"1300\" width=\"1300\" alt=\"\" class=\"slider-310 slide-339 msDefaultImage\" title=\"IMG_3499\" \/><\/li>\n            <\/ul>\n        <\/div>\n        \n    <\/div>\n<\/div>\n\n\n\n<br>\n\n\n\n<div class=\"wp-block-media-text alignwide is-stacked-on-mobile\"><figure class=\"wp-block-media-text__media\"><img loading=\"lazy\" decoding=\"async\" width=\"1024\" height=\"682\" src=\"https:\/\/architektur.meurer.ch\/wp-content\/uploads\/2023\/04\/190922_leonardo-1-1024x682.jpg\" alt=\"\" class=\"wp-image-324 size-full\" srcset=\"https:\/\/architektur.meurer.ch\/wp-content\/uploads\/2023\/04\/190922_leonardo-1-1024x682.jpg 1024w, https:\/\/architektur.meurer.ch\/wp-content\/uploads\/2023\/04\/190922_leonardo-1-300x200.jpg 300w, https:\/\/architektur.meurer.ch\/wp-content\/uploads\/2023\/04\/190922_leonardo-1-768x512.jpg 768w, https:\/\/architektur.meurer.ch\/wp-content\/uploads\/2023\/04\/190922_leonardo-1.jpg 1400w\" sizes=\"auto, (max-width: 1024px) 100vw, 1024px\" \/><\/figure><div class=\"wp-block-media-text__content\">\n<div class=\"wp-block-columns is-not-stacked-on-mobile is-layout-flex wp-container-core-columns-is-layout-9d6595d7 wp-block-columns-is-layout-flex\" style=\"font-size:0.7rem\">\n<div class=\"wp-block-column is-vertically-aligned-top is-layout-flow wp-block-column-is-layout-flow\" style=\"font-size:1rem;flex-basis:51%\">\n<p>Bauherrschaft:<br>Adresse:<br>Auftragsart:<br>Architekturb\u00fcro:<br>Projektleitung:<br>Bauleitung:<br>Innenarchitekt:<br>Fotos:<br>Planung:<br>Ausf\u00fchrung:<\/p>\n<\/div>\n\n\n\n<div class=\"wp-block-column is-vertically-aligned-top is-layout-flow wp-block-column-is-layout-flow\" style=\"font-size:1rem;flex-basis:51%\">\n<p>ch media<br><a rel=\"noreferrer noopener\" href=\"https:\/\/www.google.ch\/maps\/place\/Aarau,+Bahnhof\/@47.3915473,8.0476607,19z\/data=!4m6!3m5!1s0x47903beffb949b8f:0x8a82141bc6746720!8m2!3d47.3919517!4d8.050979!16s%2Fg%2F1td6fd6m\" target=\"_blank\">hier<\/a><br>Direktauftrag<br><a rel=\"noreferrer noopener\" href=\"https:\/\/www.petermoor.ch\/\" target=\"_blank\">Peter Moor GmbH<\/a><br>Daniel Meurer<br>Bruno Huber<br><a href=\"https:\/\/www.boid.ch\/\" target=\"_blank\" rel=\"noreferrer noopener\">Andrea Lardelli<\/a><br><a href=\"https:\/\/rogerfrei.com\/\" target=\"_blank\" rel=\"noreferrer noopener\">Roger Frei<\/a><br>2018-2020<br>2020-2021<\/p>\n<\/div>\n<\/div>\n<\/div><\/div>\n\n\n\n<br>\n\n\n\n<p>Das Schweizer Medienunternehmen CH Media, ein Joint Venture der NZZ-Mediengruppe und der AZ Medien, bezieht ein neues Domizil in Z\u00fcrich Oerlikon an der Thurgauerstrasse. In dem von Theo Hotz Sch\u00fcler und Rolf L\u00e4uppi erstellten Glasgeb\u00e4ude werden diverse Fernseh-, Radio- sowie Online-Medien k\u00fcnftig unter einem Dach vereint.<\/p>\n\n\n\n<p>CH Media belegt die Geschosse EG und OG1. Die langgestreckte Form eignet sich f\u00fcr die effiziente Aggregation des komplexen Raumprogrammes: Die grossen, hohen R\u00e4ume wie News-Room, Redaktion, Fernsehstudios oder Bar befinden sich entlang der Verglasung zur Thurgauerstrasse, die kleinen, akustisch anspruchsvollen Technikr\u00e4ume sind konzentriert als raumhaltige Box entlang des Atriums. Die vorhandenen Treppenhauskerne wurden um eine weitere Raumschicht mit zudienenden R\u00e4umen wie Maske, Garderobe, Bar, Lager oder auch Einzelb\u00fcros mit kleinen Besprechungsr\u00e4umen erg\u00e4nzt.<\/p>\n\n\n\n<p>Ein heller holzfarbener Industrieparkett bespielt die Grossraumzonen. Die Akustikbox mit Radiostudios und Regier\u00e4umen wurde mit einer akustisch wirksamen, dunklen, textilen Oberfl\u00e4che und Spannteppichen gestaltet. Die gliedernden Kerne in der Grossraumzone wurden passend zum Haus mit einem Hauch Technik versehen; sie sind in silbrigem, gewelltem Metall gehalten. Die weltweiten News prasseln im runden Kopf des Hauses herein; dort werden sie redaktionell verarbeitet und gelangen entlang dieses mittigen R\u00fcckgrates zu den einzelnen Medien. Besucher erhalten vom Eingang Einblicke in die TV-Studios und werden von der dahinter platzierten Bar empfangen. Echte Materialien von guter Qualit\u00e4t stehen letztlich f\u00fcr ein qualitativ hochwertiges Schweizer Produkt.<\/p>\n\n\n\n<div style=\"height:100px\" aria-hidden=\"true\" class=\"wp-block-spacer\"><\/div>\n\n\n\n<div class=\"wp-block-columns is-layout-flex wp-container-core-columns-is-layout-9d6595d7 wp-block-columns-is-layout-flex\">\n<div class=\"wp-block-column is-layout-flow wp-block-column-is-layout-flow\">\n<p><a href=\"https:\/\/architektur.meurer.ch\/index.php\/architektur\/umbau-doppeleinfamilienhaushaelfte-aarau\/\" data-type=\"page\" data-id=\"366\">vorheriges Projekt<\/a><\/p>\n<\/div>\n\n\n\n<div class=\"wp-block-column is-layout-flow wp-block-column-is-layout-flow\">\n<p class=\"has-text-align-center\"><a href=\"https:\/\/architektur.meurer.ch\/index.php\/architektur\/ch-media-zuerich-oerlikon\/\" data-type=\"page\" data-id=\"301\">nach oben<\/a><\/p>\n<\/div>\n\n\n\n<div class=\"wp-block-column is-layout-flow wp-block-column-is-layout-flow\">\n<p class=\"has-text-align-right\"><a href=\"https:\/\/architektur.meurer.ch\/index.php\/architektur\/siedlung-alterswohnungen-espenhof-zuerich\/\" data-type=\"page\" data-id=\"381\">n\u00e4chstes Projekt<\/a><\/p>\n<\/div>\n<\/div>\n","protected":false},"excerpt":{"rendered":"<p>Mieterausbau f\u00fcr das Medienunternehmen Das Schweizer Medienunternehmen CH Media, ein Joint Venture der NZZ-Mediengruppe und der AZ Medien, bezieht ein neues Domizil in Z\u00fcrich Oerlikon an der Thurgauerstrasse. In dem von Theo Hotz Sch\u00fcler und Rolf L\u00e4uppi erstellten Glasgeb\u00e4ude werden diverse Fernseh-, Radio- sowie Online-Medien k\u00fcnftig unter einem Dach vereint. CH Media belegt die Geschosse &hellip; <a href=\"https:\/\/architektur.meurer.ch\/index.php\/architektur\/ch-media-zuerich-oerlikon\/\" class=\"more-link\"><span class=\"screen-reader-text\">2018-2021 CH-Media, Z\u00fcrich Oerlikon<\/span> weiterlesen<\/a><\/p>\n","protected":false},"author":1,"featured_media":0,"parent":214,"menu_order":7,"comment_status":"closed","ping_status":"closed","template":"full-width-page.php","meta":{"footnotes":""},"class_list":["post-301","page","type-page","status-publish","hentry"],"_links":{"self":[{"href":"https:\/\/architektur.meurer.ch\/index.php\/wp-json\/wp\/v2\/pages\/301","targetHints":{"allow":["GET"]}}],"collection":[{"href":"https:\/\/architektur.meurer.ch\/index.php\/wp-json\/wp\/v2\/pages"}],"about":[{"href":"https:\/\/architektur.meurer.ch\/index.php\/wp-json\/wp\/v2\/types\/page"}],"author":[{"embeddable":true,"href":"https:\/\/architektur.meurer.ch\/index.php\/wp-json\/wp\/v2\/users\/1"}],"replies":[{"embeddable":true,"href":"https:\/\/architektur.meurer.ch\/index.php\/wp-json\/wp\/v2\/comments?post=301"}],"version-history":[{"count":23,"href":"https:\/\/architektur.meurer.ch\/index.php\/wp-json\/wp\/v2\/pages\/301\/revisions"}],"predecessor-version":[{"id":650,"href":"https:\/\/architektur.meurer.ch\/index.php\/wp-json\/wp\/v2\/pages\/301\/revisions\/650"}],"up":[{"embeddable":true,"href":"https:\/\/architektur.meurer.ch\/index.php\/wp-json\/wp\/v2\/pages\/214"}],"wp:attachment":[{"href":"https:\/\/architektur.meurer.ch\/index.php\/wp-json\/wp\/v2\/media?parent=301"}],"curies":[{"name":"wp","href":"https:\/\/api.w.org\/{rel}","templated":true}]}}