{"id":366,"date":"2023-04-01T16:15:24","date_gmt":"2023-04-01T16:15:24","guid":{"rendered":"https:\/\/architektur.meurer.ch\/?page_id=366"},"modified":"2025-09-20T20:38:51","modified_gmt":"2025-09-20T20:38:51","slug":"umbau-doppeleinfamilienhaushaelfte-aarau","status":"publish","type":"page","link":"https:\/\/architektur.meurer.ch\/index.php\/architektur\/umbau-doppeleinfamilienhaushaelfte-aarau\/","title":{"rendered":"2012 Umbau Doppeleinfamilienhaush\u00e4lfte, Aarau"},"content":{"rendered":"\n<p>Ein Haus in der Gartenstadt<\/p>\n\n\n\n<div class=\"wp-block-columns is-layout-flex wp-container-core-columns-is-layout-9d6595d7 wp-block-columns-is-layout-flex\">\n<div class=\"wp-block-column is-layout-flow wp-block-column-is-layout-flow\" style=\"flex-basis:100%\"><div id=\"metaslider-id-373\" style=\"width: 100%;\" class=\"ml-slider-3-106-0 metaslider metaslider-flex metaslider-373 ml-slider ms-theme-default nav-hidden\" role=\"region\" aria-label=\"Bleisch Aarau\" data-height=\"1300\" data-width=\"1300\">\n    <div id=\"metaslider_container_373\">\n        <div id=\"metaslider_373\">\n            <ul class='slides'>\n                <li style=\"display: block; width: 100%;\" class=\"slide-374 ms-image \" aria-roledescription=\"slide\" data-date=\"2023-04-23 16:15:57\" data-filename=\"130125_pma_bleisch_penzis1789-scaled-1300x1300.jpg\" data-slide-type=\"image\"><img loading=\"lazy\" decoding=\"async\" src=\"https:\/\/architektur.meurer.ch\/wp-content\/uploads\/2023\/04\/130125_pma_bleisch_penzis1789-scaled-1300x1300.jpg\" height=\"1300\" width=\"1300\" alt=\"\" class=\"slider-373 slide-374 msDefaultImage\" title=\"130125_pma_bleisch_penzis1789\" \/><\/li>\n                <li style=\"display: none; width: 100%;\" class=\"slide-375 ms-image \" aria-roledescription=\"slide\" data-date=\"2023-04-23 16:15:57\" data-filename=\"DSCN5079-scaled-1300x1300.jpg\" data-slide-type=\"image\"><img loading=\"lazy\" decoding=\"async\" src=\"https:\/\/architektur.meurer.ch\/wp-content\/uploads\/2023\/04\/DSCN5079-scaled-1300x1300.jpg\" height=\"1300\" width=\"1300\" alt=\"\" class=\"slider-373 slide-375 msDefaultImage\" title=\"DSCN5079\" \/><\/li>\n                <li style=\"display: none; width: 100%;\" class=\"slide-376 ms-image \" aria-roledescription=\"slide\" data-date=\"2023-04-23 16:15:57\" data-filename=\"DSCN5077-scaled-1300x1300.jpg\" data-slide-type=\"image\"><img loading=\"lazy\" decoding=\"async\" src=\"https:\/\/architektur.meurer.ch\/wp-content\/uploads\/2023\/04\/DSCN5077-scaled-1300x1300.jpg\" height=\"1300\" width=\"1300\" alt=\"\" class=\"slider-373 slide-376 msDefaultImage\" title=\"DSCN5077\" \/><\/li>\n                <li style=\"display: none; width: 100%;\" class=\"slide-377 ms-image \" aria-roledescription=\"slide\" data-date=\"2023-04-23 16:15:57\" data-filename=\"130125_pma_bleisch_penzis1826k-scaled-1300x1300.jpg\" data-slide-type=\"image\"><img loading=\"lazy\" decoding=\"async\" src=\"https:\/\/architektur.meurer.ch\/wp-content\/uploads\/2023\/04\/130125_pma_bleisch_penzis1826k-scaled-1300x1300.jpg\" height=\"1300\" width=\"1300\" alt=\"\" class=\"slider-373 slide-377 msDefaultImage\" title=\"130125_pma_bleisch_penzis1826k\" \/><\/li>\n            <\/ul>\n        <\/div>\n        \n    <\/div>\n<\/div>\n<\/div>\n<\/div>\n\n\n\n<br>\n\n\n\n<div class=\"wp-block-media-text alignwide is-stacked-on-mobile\"><figure class=\"wp-block-media-text__media\"><img loading=\"lazy\" decoding=\"async\" width=\"1024\" height=\"683\" src=\"https:\/\/architektur.meurer.ch\/wp-content\/uploads\/2023\/04\/130125_pma_bleisch_penzis1782-1024x683.jpg\" alt=\"\" class=\"wp-image-371 size-full\" srcset=\"https:\/\/architektur.meurer.ch\/wp-content\/uploads\/2023\/04\/130125_pma_bleisch_penzis1782-1024x683.jpg 1024w, https:\/\/architektur.meurer.ch\/wp-content\/uploads\/2023\/04\/130125_pma_bleisch_penzis1782-300x200.jpg 300w, https:\/\/architektur.meurer.ch\/wp-content\/uploads\/2023\/04\/130125_pma_bleisch_penzis1782-768x513.jpg 768w, https:\/\/architektur.meurer.ch\/wp-content\/uploads\/2023\/04\/130125_pma_bleisch_penzis1782-1536x1025.jpg 1536w, https:\/\/architektur.meurer.ch\/wp-content\/uploads\/2023\/04\/130125_pma_bleisch_penzis1782-2048x1367.jpg 2048w\" sizes=\"auto, (max-width: 1024px) 100vw, 1024px\" \/><\/figure><div class=\"wp-block-media-text__content\">\n<div class=\"wp-block-columns is-not-stacked-on-mobile is-layout-flex wp-container-core-columns-is-layout-9d6595d7 wp-block-columns-is-layout-flex\" style=\"font-size:0.7rem\">\n<div class=\"wp-block-column is-vertically-aligned-top is-layout-flow wp-block-column-is-layout-flow\" style=\"font-size:1rem;flex-basis:51%\">\n<p>Bauherrschaft:<br>Auftragsart:<br>Baujahr:<br>Architekturb\u00fcro:<br>Projektleitung:<br>Bauleitung:<br>Fotos:<br>Planung:<br>Ausf\u00fchrung:<\/p>\n<\/div>\n\n\n\n<div class=\"wp-block-column is-vertically-aligned-top is-layout-flow wp-block-column-is-layout-flow\" style=\"font-size:1rem;flex-basis:51%\">\n<p>privat<br>Direktauftrag<br>1924<br><a rel=\"noreferrer noopener\" href=\"https:\/\/www.petermoor.ch\/\" target=\"_blank\">Peter Moor GmbH<\/a><br>Daniel Meurer<br>Daniel Meurer<br><a href=\"https:\/\/www.penzisbettini.ch\/\" target=\"_blank\" rel=\"noreferrer noopener\">Daniel Penzis<\/a><br>2012<br>2012-2013<\/p>\n<\/div>\n<\/div>\n<\/div><\/div>\n\n\n\n<br>\n\n\n\n<p>Das Doppeleinfamilienhaus steht in einer Reihe gleichartiger Bauten, die \u00fcber einen Vorgarten und meist ehemaligen hinteren Gem\u00fcsegarten verf\u00fcgen, die oft nicht voneinander abgetrennt sind.<br>Im Inneren waren es die 70er-Jahre, und bei den B\u00e4dern auch die 90er-Jahre, die ihre Spuren hinterlassen hatten, von denen wir uns wieder trennen wollten. Um die Originalsubstanz zu sch\u00fctzen oder wieder zu erstellen, brauchte es viel Feingef\u00fchl und Handwerksgeschick.<\/p>\n\n\n\n<p>Zwei grosse Festverglasungen lassen nun das Licht besser durch die R\u00e4ume fliessen, die modernisierte K\u00fcche und die neugestalteten B\u00e4der verleihen dem Haus einen Kontrast.<br>Die Fussb\u00f6den, im Erdgeschoss Eiche, im Obergeschoss Buche und im Dach Tanne, mussten alle von Spannteppich befreit werden, um wieder in neuem \/ altem Glanz zu strahlen.<\/p>\n\n\n\n<p>Das Gartenstadthaus wurde in sanfter und vorsichtiger Manier zu einem kleinen Bijou mit Andenken an die alten Zeiten renoviert.<\/p>\n\n\n\n<div style=\"height:100px\" aria-hidden=\"true\" class=\"wp-block-spacer\"><\/div>\n\n\n\n<div class=\"wp-block-columns is-layout-flex wp-container-core-columns-is-layout-9d6595d7 wp-block-columns-is-layout-flex\">\n<div class=\"wp-block-column is-layout-flow wp-block-column-is-layout-flow\">\n<p><a href=\"https:\/\/architektur.meurer.ch\/index.php\/architektur\/neubau-turnhallen-solothurn\/\" data-type=\"page\" data-id=\"2\">vorheriges Projekt<\/a><\/p>\n<\/div>\n\n\n\n<div class=\"wp-block-column is-layout-flow wp-block-column-is-layout-flow\">\n<p class=\"has-text-align-center\"><a href=\"https:\/\/architektur.meurer.ch\/index.php\/architektur\/umbau-doppeleinfamilienhaushaelfte-aarau\/\" data-type=\"page\" data-id=\"366\">nach oben<\/a><\/p>\n<\/div>\n\n\n\n<div class=\"wp-block-column is-layout-flow wp-block-column-is-layout-flow\">\n<p class=\"has-text-align-right\"><a href=\"https:\/\/architektur.meurer.ch\/index.php\/architektur\/ch-media-zuerich-oerlikon\/\" data-type=\"page\" data-id=\"301\">neustes Projekt<\/a><\/p>\n<\/div>\n<\/div>\n","protected":false},"excerpt":{"rendered":"<p>Ein Haus in der Gartenstadt Das Doppeleinfamilienhaus steht in einer Reihe gleichartiger Bauten, die \u00fcber einen Vorgarten und meist ehemaligen hinteren Gem\u00fcsegarten verf\u00fcgen, die oft nicht voneinander abgetrennt sind.Im Inneren waren es die 70er-Jahre, und bei den B\u00e4dern auch die 90er-Jahre, die ihre Spuren hinterlassen hatten, von denen wir uns wieder trennen wollten. Um die &hellip; <a href=\"https:\/\/architektur.meurer.ch\/index.php\/architektur\/umbau-doppeleinfamilienhaushaelfte-aarau\/\" class=\"more-link\"><span class=\"screen-reader-text\">2012 Umbau Doppeleinfamilienhaush\u00e4lfte, Aarau<\/span> weiterlesen<\/a><\/p>\n","protected":false},"author":1,"featured_media":0,"parent":214,"menu_order":1,"comment_status":"closed","ping_status":"closed","template":"full-width-page.php","meta":{"footnotes":""},"class_list":["post-366","page","type-page","status-publish","hentry"],"_links":{"self":[{"href":"https:\/\/architektur.meurer.ch\/index.php\/wp-json\/wp\/v2\/pages\/366","targetHints":{"allow":["GET"]}}],"collection":[{"href":"https:\/\/architektur.meurer.ch\/index.php\/wp-json\/wp\/v2\/pages"}],"about":[{"href":"https:\/\/architektur.meurer.ch\/index.php\/wp-json\/wp\/v2\/types\/page"}],"author":[{"embeddable":true,"href":"https:\/\/architektur.meurer.ch\/index.php\/wp-json\/wp\/v2\/users\/1"}],"replies":[{"embeddable":true,"href":"https:\/\/architektur.meurer.ch\/index.php\/wp-json\/wp\/v2\/comments?post=366"}],"version-history":[{"count":9,"href":"https:\/\/architektur.meurer.ch\/index.php\/wp-json\/wp\/v2\/pages\/366\/revisions"}],"predecessor-version":[{"id":644,"href":"https:\/\/architektur.meurer.ch\/index.php\/wp-json\/wp\/v2\/pages\/366\/revisions\/644"}],"up":[{"embeddable":true,"href":"https:\/\/architektur.meurer.ch\/index.php\/wp-json\/wp\/v2\/pages\/214"}],"wp:attachment":[{"href":"https:\/\/architektur.meurer.ch\/index.php\/wp-json\/wp\/v2\/media?parent=366"}],"curies":[{"name":"wp","href":"https:\/\/api.w.org\/{rel}","templated":true}]}}