{"id":381,"date":"2023-05-01T16:26:32","date_gmt":"2023-05-01T16:26:32","guid":{"rendered":"https:\/\/architektur.meurer.ch\/?page_id=381"},"modified":"2025-09-20T20:42:13","modified_gmt":"2025-09-20T20:42:13","slug":"siedlung-alterswohnungen-espenhof-zuerich","status":"publish","type":"page","link":"https:\/\/architektur.meurer.ch\/index.php\/architektur\/siedlung-alterswohnungen-espenhof-zuerich\/","title":{"rendered":"2017-2019 Siedlung Alterswohnungen Espenhof, Z\u00fcrich"},"content":{"rendered":"\n<p>Denkmalpflegerische Gesammtsanierung<\/p>\n\n\n<div id=\"metaslider-id-393\" style=\"width: 100%;\" class=\"ml-slider-3-106-0 metaslider metaslider-flex metaslider-393 ml-slider ms-theme-default nav-hidden\" role=\"region\" aria-label=\"Espenhof\" data-height=\"1300\" data-width=\"1300\">\n    <div id=\"metaslider_container_393\">\n        <div id=\"metaslider_393\">\n            <ul class='slides'>\n                <li style=\"display: block; width: 100%;\" class=\"slide-394 ms-image \" aria-roledescription=\"slide\" data-date=\"2023-04-23 16:29:21\" data-filename=\"21.013.PM_.frei_P0016684-scaled-1300x1300.jpg\" data-slide-type=\"image\"><img loading=\"lazy\" decoding=\"async\" src=\"https:\/\/architektur.meurer.ch\/wp-content\/uploads\/2023\/04\/21.013.PM_.frei_P0016684-scaled-1300x1300.jpg\" height=\"1300\" width=\"1300\" alt=\"SAW Sanierung Espenhof S\u00fcd Z\u00fcrich\" class=\"slider-393 slide-394 msDefaultImage\" title=\"Espenhof S\u00fcd Rankwand\" \/><\/li>\n                <li style=\"display: none; width: 100%;\" class=\"slide-395 ms-image \" aria-roledescription=\"slide\" data-date=\"2023-04-23 16:29:21\" data-filename=\"21.013.PM_.frei_P0016678-scaled-1300x1300.jpg\" data-slide-type=\"image\"><img loading=\"lazy\" decoding=\"async\" src=\"https:\/\/architektur.meurer.ch\/wp-content\/uploads\/2023\/04\/21.013.PM_.frei_P0016678-scaled-1300x1300.jpg\" height=\"1300\" width=\"1300\" alt=\"SAW Sanierung Espenhof S\u00fcd Z\u00fcrich\" class=\"slider-393 slide-395 msDefaultImage\" title=\"SAW Sanierung Espenhof S\u00fcd S\u00fcdsicht\" \/><\/li>\n                <li style=\"display: none; width: 100%;\" class=\"slide-396 ms-image \" aria-roledescription=\"slide\" data-date=\"2023-04-23 16:29:21\" data-filename=\"21.013.PM_.frei_P0016602-scaled-1300x1300.jpg\" data-slide-type=\"image\"><img loading=\"lazy\" decoding=\"async\" src=\"https:\/\/architektur.meurer.ch\/wp-content\/uploads\/2023\/04\/21.013.PM_.frei_P0016602-scaled-1300x1300.jpg\" height=\"1300\" width=\"1300\" alt=\"SAW Sanierung Espenhof S\u00fcd Z\u00fcrich\" class=\"slider-393 slide-396 msDefaultImage\" title=\"SAW Sanierung Espenhof S\u00fcd\" \/><\/li>\n                <li style=\"display: none; width: 100%;\" class=\"slide-397 ms-image \" aria-roledescription=\"slide\" data-date=\"2023-04-23 16:29:21\" data-filename=\"21.013.PM_.frei_P0016596-scaled-1300x1300.jpg\" data-slide-type=\"image\"><img loading=\"lazy\" decoding=\"async\" src=\"https:\/\/architektur.meurer.ch\/wp-content\/uploads\/2023\/04\/21.013.PM_.frei_P0016596-scaled-1300x1300.jpg\" height=\"1300\" width=\"1300\" alt=\"SAW Sanierung Espenhof S\u00fcd Z\u00fcrich\" class=\"slider-393 slide-397 msDefaultImage\" title=\"SAW Sanierung Espenhof S\u00fcd\" \/><\/li>\n                <li style=\"display: none; width: 100%;\" class=\"slide-398 ms-image \" aria-roledescription=\"slide\" data-date=\"2023-04-23 16:29:21\" data-filename=\"21.013.PM_.frei_P0015452-scaled-1300x1300.jpg\" data-slide-type=\"image\"><img loading=\"lazy\" decoding=\"async\" src=\"https:\/\/architektur.meurer.ch\/wp-content\/uploads\/2023\/04\/21.013.PM_.frei_P0015452-scaled-1300x1300.jpg\" height=\"1300\" width=\"1300\" alt=\"SAW Sanierung Espenhof S\u00fcd Z\u00fcrich\" class=\"slider-393 slide-398 msDefaultImage\" title=\"Espenhof S\u00fcd Innenhof\" \/><\/li>\n                <li style=\"display: none; width: 100%;\" class=\"slide-399 ms-image \" aria-roledescription=\"slide\" data-date=\"2023-04-23 16:29:21\" data-filename=\"21.013.PM_.frei_P0011185-scaled-1300x1300.jpg\" data-slide-type=\"image\"><img loading=\"lazy\" decoding=\"async\" src=\"https:\/\/architektur.meurer.ch\/wp-content\/uploads\/2023\/04\/21.013.PM_.frei_P0011185-scaled-1300x1300.jpg\" height=\"1300\" width=\"1300\" alt=\"SAW Sanierung Espenhof S\u00fcd Z\u00fcrich\" class=\"slider-393 slide-399 msDefaultImage\" title=\"Espenhof S\u00fcd Haupteingang\" \/><\/li>\n                <li style=\"display: none; width: 100%;\" class=\"slide-400 ms-image \" aria-roledescription=\"slide\" data-date=\"2023-04-23 16:29:21\" data-filename=\"21.013.PM_.frei_P0011062-scaled-1300x1300.jpg\" data-slide-type=\"image\"><img loading=\"lazy\" decoding=\"async\" src=\"https:\/\/architektur.meurer.ch\/wp-content\/uploads\/2023\/04\/21.013.PM_.frei_P0011062-scaled-1300x1300.jpg\" height=\"1300\" width=\"1300\" alt=\"SAW Sanierung Espenhof S\u00fcd Z\u00fcrich\" class=\"slider-393 slide-400 msDefaultImage\" title=\"Espenhof S\u00fcd Treppenaufgang\" \/><\/li>\n                <li style=\"display: none; width: 100%;\" class=\"slide-401 ms-image \" aria-roledescription=\"slide\" data-date=\"2023-04-23 16:29:21\" data-filename=\"21.013.PM_.frei_P0011042-scaled-1300x1300.jpg\" data-slide-type=\"image\"><img loading=\"lazy\" decoding=\"async\" src=\"https:\/\/architektur.meurer.ch\/wp-content\/uploads\/2023\/04\/21.013.PM_.frei_P0011042-scaled-1300x1300.jpg\" height=\"1300\" width=\"1300\" alt=\"SAW Sanierung Espenhof S\u00fcd Z\u00fcrich\" class=\"slider-393 slide-401 msDefaultImage\" title=\"Espenhof S\u00fcd Hofsituation\" \/><\/li>\n                <li style=\"display: none; width: 100%;\" class=\"slide-402 ms-image \" aria-roledescription=\"slide\" data-date=\"2023-04-23 16:29:21\" data-filename=\"21.013.PM_.frei_P0004848-scaled-1300x1300.jpg\" data-slide-type=\"image\"><img loading=\"lazy\" decoding=\"async\" src=\"https:\/\/architektur.meurer.ch\/wp-content\/uploads\/2023\/04\/21.013.PM_.frei_P0004848-scaled-1300x1300.jpg\" height=\"1300\" width=\"1300\" alt=\"SAW Sanierung Espenhof S\u00fcd Z\u00fcrich\" class=\"slider-393 slide-402 msDefaultImage\" title=\"Espenhof S\u00fcd Wohnung\" \/><\/li>\n            <\/ul>\n        <\/div>\n        \n    <\/div>\n<\/div>\n\n\n\n<br>\n\n\n\n<div class=\"wp-block-media-text alignwide is-stacked-on-mobile\"><figure class=\"wp-block-media-text__media\"><img loading=\"lazy\" decoding=\"async\" width=\"1024\" height=\"768\" src=\"https:\/\/architektur.meurer.ch\/wp-content\/uploads\/2023\/04\/21.013.PM_.frei_P0004807-1024x768.jpg\" alt=\"\" class=\"wp-image-383 size-full\" srcset=\"https:\/\/architektur.meurer.ch\/wp-content\/uploads\/2023\/04\/21.013.PM_.frei_P0004807-1024x768.jpg 1024w, https:\/\/architektur.meurer.ch\/wp-content\/uploads\/2023\/04\/21.013.PM_.frei_P0004807-300x225.jpg 300w, https:\/\/architektur.meurer.ch\/wp-content\/uploads\/2023\/04\/21.013.PM_.frei_P0004807-768x576.jpg 768w, https:\/\/architektur.meurer.ch\/wp-content\/uploads\/2023\/04\/21.013.PM_.frei_P0004807-1536x1152.jpg 1536w, https:\/\/architektur.meurer.ch\/wp-content\/uploads\/2023\/04\/21.013.PM_.frei_P0004807-2048x1536.jpg 2048w, https:\/\/architektur.meurer.ch\/wp-content\/uploads\/2023\/04\/21.013.PM_.frei_P0004807-2000x1500.jpg 2000w\" sizes=\"auto, (max-width: 1024px) 100vw, 1024px\" \/><\/figure><div class=\"wp-block-media-text__content\">\n<div class=\"wp-block-columns is-not-stacked-on-mobile is-layout-flex wp-container-core-columns-is-layout-9d6595d7 wp-block-columns-is-layout-flex\" style=\"font-size:0.7rem\">\n<div class=\"wp-block-column is-vertically-aligned-top is-layout-flow wp-block-column-is-layout-flow\" style=\"font-size:1rem;flex-basis:51%\">\n<p>Bauherrschaft:<br>Adresse:<br>Auftragsart:<br>Baujahr:<br>Architekturb\u00fcro:<br>Projektleitung:<br>Bauleitung:<br>Fotos:<br>Planung:<br>Ausf\u00fchrung:<\/p>\n<\/div>\n\n\n\n<div class=\"wp-block-column is-vertically-aligned-top is-layout-flow wp-block-column-is-layout-flow\" style=\"font-size:1rem;flex-basis:51%\">\n<p><a href=\"https:\/\/www.wohnenab60.ch\/siedlung\/espenhof-sued\/\" target=\"_blank\" rel=\"noreferrer noopener\">SAW Z\u00fcrich<\/a><br><a rel=\"noreferrer noopener\" href=\"https:\/\/www.google.ch\/maps\/place\/Langgr%C3%BCtstrasse+83,+8047+Z%C3%BCrich\/@47.3725715,8.4972934,79m\/data=!3m1!1e3!4m6!3m5!1s0x47900a2bb28bee07:0xc1c4bb5ae2df08bb!8m2!3d47.3725175!4d8.4974124!16s%2Fg%2F11c5mx793x\" target=\"_blank\">hier<\/a><br>Wettbewerb<br>1954- 1955<br><a rel=\"noreferrer noopener\" href=\"https:\/\/www.petermoor.ch\/\" target=\"_blank\">Peter Moor GmbH<\/a><br>Daniel Meurer<br>Peter Moor GmbH<br><a rel=\"noreferrer noopener\" href=\"https:\/\/rogerfrei.com\/\" target=\"_blank\">Roger Frei<\/a><br>2017-2019<br>2019-2020<\/p>\n<\/div>\n<\/div>\n<\/div><\/div>\n\n\n\n<br>\n\n\n\n<p>Die Siedlung Espenhof S\u00fcd umfasst 53 Wohnungen und steht unter Denkmalschutz.<br>Ziel der denkmalpflegerischen Sanierung war es, die noch vorhandene Originalsubstanz aus den 50er- Jahren freizulegen, sanft zu sanieren und im Original wieder erlebbar zu machen.<br>Die 1982 umgebauten Nasszellen mit WC, Lavabo, Dusche (vorher gab es nur WC) wurden, wenn m\u00f6glich, an ihren Standorten belassen und gem\u00e4ss optimierten Grundrisslayouts wieder aufgebaut.<br>Die K\u00fcchen wurden nach M\u00f6glichkeit wieder an ihrem urspr\u00fcnglichen Ort platziert und ihr Aussehen dem der ehemaligen K\u00fcchen aus den 50er-Jahren angeglichen.<br>Ebenso wurden die Fenster und T\u00fcren in aufw\u00e4ndiger Weise aufbereitet oder neu denkmalgerecht erstellt. Durch entsprechende Materialwahl, Oberfl\u00e4chen und Detaillierung der Schreinerarbeiten wurde der alte Glanz in originalen Farbt\u00f6nen wieder zum Leuchten gebracht.<\/p>\n\n\n\n<div style=\"height:100px\" aria-hidden=\"true\" class=\"wp-block-spacer\"><\/div>\n\n\n\n<div class=\"wp-block-columns is-layout-flex wp-container-core-columns-is-layout-9d6595d7 wp-block-columns-is-layout-flex\">\n<div class=\"wp-block-column is-layout-flow wp-block-column-is-layout-flow\">\n<p><a href=\"https:\/\/architektur.meurer.ch\/index.php\/architektur\/ch-media-zuerich-oerlikon\/\" data-type=\"page\" data-id=\"301\">vorheriges Projekt<\/a><\/p>\n<\/div>\n\n\n\n<div class=\"wp-block-column is-layout-flow wp-block-column-is-layout-flow\">\n<p class=\"has-text-align-center\"><a href=\"https:\/\/architektur.meurer.ch\/index.php\/architektur\/siedlung-alterswohnungen-espenhof-zuerich\/\" data-type=\"page\" data-id=\"381\">nach oben<\/a><\/p>\n<\/div>\n\n\n\n<div class=\"wp-block-column is-layout-flow wp-block-column-is-layout-flow\">\n<p class=\"has-text-align-right\"><a href=\"https:\/\/architektur.meurer.ch\/index.php\/architektur\/platzgestaltung-einsteinplatz-aarau\/\" data-type=\"page\" data-id=\"289\">n\u00e4chstes Projekt<\/a><\/p>\n<\/div>\n<\/div>\n","protected":false},"excerpt":{"rendered":"<p>Denkmalpflegerische Gesammtsanierung Die Siedlung Espenhof S\u00fcd umfasst 53 Wohnungen und steht unter Denkmalschutz.Ziel der denkmalpflegerischen Sanierung war es, die noch vorhandene Originalsubstanz aus den 50er- Jahren freizulegen, sanft zu sanieren und im Original wieder erlebbar zu machen.Die 1982 umgebauten Nasszellen mit WC, Lavabo, Dusche (vorher gab es nur WC) wurden, wenn m\u00f6glich, an ihren Standorten &hellip; <a href=\"https:\/\/architektur.meurer.ch\/index.php\/architektur\/siedlung-alterswohnungen-espenhof-zuerich\/\" class=\"more-link\"><span class=\"screen-reader-text\">2017-2019 Siedlung Alterswohnungen Espenhof, Z\u00fcrich<\/span> weiterlesen<\/a><\/p>\n","protected":false},"author":1,"featured_media":0,"parent":214,"menu_order":6,"comment_status":"closed","ping_status":"closed","template":"full-width-page.php","meta":{"footnotes":""},"class_list":["post-381","page","type-page","status-publish","hentry"],"_links":{"self":[{"href":"https:\/\/architektur.meurer.ch\/index.php\/wp-json\/wp\/v2\/pages\/381","targetHints":{"allow":["GET"]}}],"collection":[{"href":"https:\/\/architektur.meurer.ch\/index.php\/wp-json\/wp\/v2\/pages"}],"about":[{"href":"https:\/\/architektur.meurer.ch\/index.php\/wp-json\/wp\/v2\/types\/page"}],"author":[{"embeddable":true,"href":"https:\/\/architektur.meurer.ch\/index.php\/wp-json\/wp\/v2\/users\/1"}],"replies":[{"embeddable":true,"href":"https:\/\/architektur.meurer.ch\/index.php\/wp-json\/wp\/v2\/comments?post=381"}],"version-history":[{"count":12,"href":"https:\/\/architektur.meurer.ch\/index.php\/wp-json\/wp\/v2\/pages\/381\/revisions"}],"predecessor-version":[{"id":649,"href":"https:\/\/architektur.meurer.ch\/index.php\/wp-json\/wp\/v2\/pages\/381\/revisions\/649"}],"up":[{"embeddable":true,"href":"https:\/\/architektur.meurer.ch\/index.php\/wp-json\/wp\/v2\/pages\/214"}],"wp:attachment":[{"href":"https:\/\/architektur.meurer.ch\/index.php\/wp-json\/wp\/v2\/media?parent=381"}],"curies":[{"name":"wp","href":"https:\/\/api.w.org\/{rel}","templated":true}]}}