{"id":503,"date":"2023-05-11T13:53:55","date_gmt":"2023-05-11T13:53:55","guid":{"rendered":"https:\/\/architektur.meurer.ch\/?page_id=503"},"modified":"2025-09-20T20:41:07","modified_gmt":"2025-09-20T20:41:07","slug":"planung-mfh-thorlen","status":"publish","type":"page","link":"https:\/\/architektur.meurer.ch\/index.php\/architektur\/planung-mfh-thorlen\/","title":{"rendered":"2019 Planung MFH Torlen"},"content":{"rendered":"\n<p>Ein Paradies auf Erden (am Z\u00fcrichsee)<\/p>\n\n\n<div id=\"metaslider-id-507\" style=\"width: 100%;\" class=\"ml-slider-3-106-0 metaslider metaslider-flex metaslider-507 ml-slider ms-theme-default nav-hidden\" role=\"region\" aria-label=\"MFH Uerikon ZH\" data-height=\"1300\" data-width=\"1300\">\n    <div id=\"metaslider_container_507\">\n        <div id=\"metaslider_507\">\n            <ul class='slides'>\n                <li style=\"display: block; width: 100%;\" class=\"slide-512 ms-image \" aria-roledescription=\"slide\" data-date=\"2023-05-11 13:55:46\" data-filename=\"19D69-MeurerLocherPilz-Studienauftrag-Torlen-EXT1-190613-scaled-1300x1300.jpg\" data-slide-type=\"image\"><img loading=\"lazy\" decoding=\"async\" src=\"https:\/\/architektur.meurer.ch\/wp-content\/uploads\/2023\/05\/19D69-MeurerLocherPilz-Studienauftrag-Torlen-EXT1-190613-scaled-1300x1300.jpg\" height=\"1300\" width=\"1300\" alt=\"\" class=\"slider-507 slide-512 msDefaultImage\" title=\"Thorlen S\u00fcdansicht\" \/><\/li>\n                <li style=\"display: none; width: 100%;\" class=\"slide-513 ms-image \" aria-roledescription=\"slide\" data-date=\"2023-05-11 13:55:46\" data-filename=\"19D69-MeurerLocherPilz-Studienauftrag-Torlen-EXT2-190613-scaled-1300x1300.jpg\" data-slide-type=\"image\"><img loading=\"lazy\" decoding=\"async\" src=\"https:\/\/architektur.meurer.ch\/wp-content\/uploads\/2023\/05\/19D69-MeurerLocherPilz-Studienauftrag-Torlen-EXT2-190613-scaled-1300x1300.jpg\" height=\"1300\" width=\"1300\" alt=\"\" class=\"slider-507 slide-513 msDefaultImage\" title=\"Thorlen leichte Seesicht\" \/><\/li>\n                <li style=\"display: none; width: 100%;\" class=\"slide-514 ms-image \" aria-roledescription=\"slide\" data-date=\"2023-05-11 13:55:46\" data-filename=\"19D69-MeurerLocherPilz-Studienauftrag-Torlen-INT1-190613_B-scaled-1300x1300.jpg\" data-slide-type=\"image\"><img loading=\"lazy\" decoding=\"async\" src=\"https:\/\/architektur.meurer.ch\/wp-content\/uploads\/2023\/05\/19D69-MeurerLocherPilz-Studienauftrag-Torlen-INT1-190613_B-scaled-1300x1300.jpg\" height=\"1300\" width=\"1300\" alt=\"\" class=\"slider-507 slide-514 msDefaultImage\" title=\"Thorlen Innenraum Aussicht auf den See\" \/><\/li>\n                <li style=\"display: none; width: 100%;\" class=\"slide-515 ms-image \" aria-roledescription=\"slide\" data-date=\"2023-05-11 13:55:46\" data-filename=\"19D69-MeurerLocherPilz-Studienauftrag-Torlen-INT2-190613_B-scaled-1300x1300.jpg\" data-slide-type=\"image\"><img loading=\"lazy\" decoding=\"async\" src=\"https:\/\/architektur.meurer.ch\/wp-content\/uploads\/2023\/05\/19D69-MeurerLocherPilz-Studienauftrag-Torlen-INT2-190613_B-scaled-1300x1300.jpg\" height=\"1300\" width=\"1300\" alt=\"\" class=\"slider-507 slide-515 msDefaultImage\" title=\"Innenraum Sicht in den Garten\" \/><\/li>\n            <\/ul>\n        <\/div>\n        \n    <\/div>\n<\/div>\n\n\n\n<br>\n\n\n\n<div class=\"wp-block-media-text alignwide is-stacked-on-mobile\"><figure class=\"wp-block-media-text__media\"><img loading=\"lazy\" decoding=\"async\" width=\"341\" height=\"551\" src=\"https:\/\/architektur.meurer.ch\/wp-content\/uploads\/2023\/05\/pairi-daeza.jpg\" alt=\"\" class=\"wp-image-517 size-full\" srcset=\"https:\/\/architektur.meurer.ch\/wp-content\/uploads\/2023\/05\/pairi-daeza.jpg 341w, https:\/\/architektur.meurer.ch\/wp-content\/uploads\/2023\/05\/pairi-daeza-186x300.jpg 186w\" sizes=\"auto, (max-width: 341px) 100vw, 341px\" \/><\/figure><div class=\"wp-block-media-text__content\">\n<div class=\"wp-block-columns is-not-stacked-on-mobile is-layout-flex wp-container-core-columns-is-layout-9d6595d7 wp-block-columns-is-layout-flex\" style=\"font-size:0.7rem\">\n<div class=\"wp-block-column is-layout-flow wp-block-column-is-layout-flow\" style=\"font-size:1rem;flex-basis:51%\">\n<p>Bauherrschaft:<br>Adresse:<br>Auftragsart:<br>Arge:<br>Gemeinsam mit:<br>Bauingenieur:<br>Landschaft:<br>Haustechnik:<br>Kosten:<br>Visualisierung:<br>Planung:<\/p>\n<\/div>\n\n\n\n<div class=\"wp-block-column is-layout-flow wp-block-column-is-layout-flow\" style=\"font-size:1rem;flex-basis:51%\">\n<p>privat<br>Uerikon ZH<br>Studienauftrag<br>MeurerLocherPilz<br>LocherPilz Gmbh<br><a href=\"https:\/\/www.waltgalmarini.ch\/\" data-type=\"URL\" data-id=\"https:\/\/www.waltgalmarini.ch\/\">Wald Galmarini<\/a><br><a href=\"https:\/\/www.msbern.ch\/\" data-type=\"URL\" data-id=\"https:\/\/www.msbern.ch\/\">Maurus Schifferli<\/a><br><a href=\"https:\/\/www.energiekonzepte.ch\/\" data-type=\"URL\" data-id=\"https:\/\/www.energiekonzepte.ch\/\">EK Energiekonzepte<\/a><br><a href=\"https:\/\/www.wuestpartner.com\/ch-de\/\" data-type=\"URL\" data-id=\"https:\/\/www.wuestpartner.com\/ch-de\/\">W\u00fcestPartner<\/a><br><a href=\"https:\/\/nightnurse.ch\/\" data-type=\"URL\" data-id=\"https:\/\/nightnurse.ch\/\">Nightnurse<\/a><br>2019<br><\/p>\n<\/div>\n<\/div>\n<\/div><\/div>\n\n\n\n<br>\n\n\n\n<p>Langsam fahre ich die Quartierstrasse Torlen hoch und weiss: hier bin ich zu Hause. Nach einer halben Umrundung des Grundst\u00fccks habe ich alles im Blick. Grossmutter steht am K\u00fcchenfenster, schaut dem Abend entgegen, die Kr\u00e4hen suchen auf den benachbarten Feldern die Letzten Leckerbissen des Abends.<\/p>\n\n\n\n<p>Mitten im Garten stehend umzwitschern mich die V\u00f6gel, es riecht nach k\u00fchlem Abend mit einer Mischung Rosenduft und Grillfeuer in der Luft.<\/p>\n\n\n\n<p>Ich gehe am Heilplatzvorbei und sehe an der F\u00f6hre vorbei viele Menschen ums Feuer die sich miteinander schwatzen. Kinder spielen Verstecken und wuseln \u00fcber Vorspr\u00fcnge, springen hinter B\u00e4umen, durchqueren kriechend Durchg\u00e4nge und kauern sich unter Rosenb\u00fcsche.<\/p>\n\n\n\n<p>Der kleine Paul will sich anschleichen, die Rose h\u00e4lt ihn an der Hose zur\u00fcck. Weich f\u00e4llt er ins k\u00fchle hohe Gras, niemand sieht ihn. Nur die Oma am Fenster schimpft leise \u00fcber die Grasflecke, die sie nun aus der neuen Hose entfernen muss.<\/p>\n\n\n\n<p>Eine grosse Tafel wird zusammengestellt, das lange weisse Tischtuch ausgebreitet, die Hausbewohner finden sich am Tisch ein und geniessen die zusammen bereiteten Speisen. Der See liegt ruhig und sanft schimmernd und weit dar\u00fcber beginnen die weissen Wipfel der Glarner Alpen r\u00f6tlich zu gl\u00fchen. Die Stimmen werden leiser, nach und nach l\u00f6st sich die Tafel auf und alle verschwinden in Ihren H\u00e4usern.<\/p>\n\n\n\n<p>Ich laufe zu meinem Sitzplatz und setze mich in den Schaukelstuhl bis der Mond durch die Zweige F\u00f6hre direkt in mein Gesicht scheint. Zeit f\u00fcr mich ins Bett zu gehen und neue Kraft f\u00fcr den kommen Tag zu sammeln.<\/p>\n\n\n\n<div style=\"height:100px\" aria-hidden=\"true\" class=\"wp-block-spacer\"><\/div>\n\n\n\n<div class=\"wp-block-columns is-layout-flex wp-container-core-columns-is-layout-9d6595d7 wp-block-columns-is-layout-flex\">\n<div class=\"wp-block-column is-layout-flow wp-block-column-is-layout-flow\">\n<p><a href=\"https:\/\/architektur.meurer.ch\/index.php\/architektur\/platzgestaltung-einsteinplatz-aarau\/\" data-type=\"page\" data-id=\"289\">vorheriges Projekt<\/a><\/p>\n<\/div>\n\n\n\n<div class=\"wp-block-column is-layout-flow wp-block-column-is-layout-flow\">\n<p class=\"has-text-align-center\"><a href=\"https:\/\/architektur.meurer.ch\/index.php\/architektur\/planung-mfh-thorlen\/\" data-type=\"page\" data-id=\"503\">nach oben<\/a><\/p>\n<\/div>\n\n\n\n<div class=\"wp-block-column is-layout-flow wp-block-column-is-layout-flow\">\n<p class=\"has-text-align-right\"><a href=\"https:\/\/architektur.meurer.ch\/index.php\/architektur\/azh\/\" data-type=\"page\" data-id=\"252\">n\u00e4chstes Projekt<\/a><\/p>\n<\/div>\n<\/div>\n","protected":false},"excerpt":{"rendered":"<p>Ein Paradies auf Erden (am Z\u00fcrichsee) Langsam fahre ich die Quartierstrasse Torlen hoch und weiss: hier bin ich zu Hause. Nach einer halben Umrundung des Grundst\u00fccks habe ich alles im Blick. Grossmutter steht am K\u00fcchenfenster, schaut dem Abend entgegen, die Kr\u00e4hen suchen auf den benachbarten Feldern die Letzten Leckerbissen des Abends. Mitten im Garten stehend &hellip; <a href=\"https:\/\/architektur.meurer.ch\/index.php\/architektur\/planung-mfh-thorlen\/\" class=\"more-link\"><span class=\"screen-reader-text\">2019 Planung MFH Torlen<\/span> weiterlesen<\/a><\/p>\n","protected":false},"author":1,"featured_media":0,"parent":214,"menu_order":4,"comment_status":"closed","ping_status":"closed","template":"full-width-page.php","meta":{"footnotes":""},"class_list":["post-503","page","type-page","status-publish","hentry"],"_links":{"self":[{"href":"https:\/\/architektur.meurer.ch\/index.php\/wp-json\/wp\/v2\/pages\/503","targetHints":{"allow":["GET"]}}],"collection":[{"href":"https:\/\/architektur.meurer.ch\/index.php\/wp-json\/wp\/v2\/pages"}],"about":[{"href":"https:\/\/architektur.meurer.ch\/index.php\/wp-json\/wp\/v2\/types\/page"}],"author":[{"embeddable":true,"href":"https:\/\/architektur.meurer.ch\/index.php\/wp-json\/wp\/v2\/users\/1"}],"replies":[{"embeddable":true,"href":"https:\/\/architektur.meurer.ch\/index.php\/wp-json\/wp\/v2\/comments?post=503"}],"version-history":[{"count":11,"href":"https:\/\/architektur.meurer.ch\/index.php\/wp-json\/wp\/v2\/pages\/503\/revisions"}],"predecessor-version":[{"id":647,"href":"https:\/\/architektur.meurer.ch\/index.php\/wp-json\/wp\/v2\/pages\/503\/revisions\/647"}],"up":[{"embeddable":true,"href":"https:\/\/architektur.meurer.ch\/index.php\/wp-json\/wp\/v2\/pages\/214"}],"wp:attachment":[{"href":"https:\/\/architektur.meurer.ch\/index.php\/wp-json\/wp\/v2\/media?parent=503"}],"curies":[{"name":"wp","href":"https:\/\/api.w.org\/{rel}","templated":true}]}}